{"id":34196,"date":"2026-02-26T04:49:44","date_gmt":"2026-02-25T23:19:44","guid":{"rendered":"http:\/\/microtexindia.com\/ueber-uns\/rechtsfragen\/"},"modified":"2023-04-03T12:05:06","modified_gmt":"2023-04-03T06:35:06","slug":"rechtsfragen","status":"publish","type":"page","link":"https:\/\/microtexindia.com\/de\/ueber-uns\/rechtsfragen\/","title":{"rendered":"Rechtliche Dinge"},"content":{"rendered":"\t\t<div data-elementor-type=\"wp-page\" data-elementor-id=\"34196\" class=\"elementor elementor-34196 elementor-4728\" data-elementor-post-type=\"page\">\n\t\t\t\t\t\t<section class=\"elementor-section elementor-top-section elementor-element elementor-element-7173d968 elementor-section-height-min-height elementor-section-items-stretch elementor-section-content-middle elementor-section-boxed elementor-section-height-default\" data-id=\"7173d968\" data-element_type=\"section\" data-e-type=\"section\" data-settings=\"{&quot;background_background&quot;:&quot;classic&quot;}\">\n\t\t\t\t\t\t<div class=\"elementor-container elementor-column-gap-no\">\n\t\t\t\t\t<div class=\"elementor-column elementor-col-100 elementor-top-column elementor-element elementor-element-2f6b3466\" data-id=\"2f6b3466\" data-element_type=\"column\" data-e-type=\"column\">\n\t\t\t<div class=\"elementor-widget-wrap elementor-element-populated\">\n\t\t\t\t\t\t<div class=\"elementor-element elementor-element-69714e01 elementor-invisible elementor-widget elementor-widget-heading\" data-id=\"69714e01\" data-element_type=\"widget\" data-e-type=\"widget\" data-settings=\"{&quot;_animation&quot;:&quot;fadeIn&quot;}\" data-widget_type=\"heading.default\">\n\t\t\t\t<div class=\"elementor-widget-container\">\n\t\t\t\t\t<h1 class=\"elementor-heading-title elementor-size-default\">Rechtliche Dinge<\/h1>\t\t\t\t<\/div>\n\t\t\t\t<\/div>\n\t\t\t\t<div class=\"elementor-element elementor-element-5ad496ea elementor-widget-divider--view-line elementor-invisible elementor-widget elementor-widget-divider\" data-id=\"5ad496ea\" data-element_type=\"widget\" data-e-type=\"widget\" data-settings=\"{&quot;_animation&quot;:&quot;fadeIn&quot;,&quot;_animation_delay&quot;:&quot;200&quot;}\" data-widget_type=\"divider.default\">\n\t\t\t\t<div class=\"elementor-widget-container\">\n\t\t\t\t\t\t\t<div class=\"elementor-divider\">\n\t\t\t<span class=\"elementor-divider-separator\">\n\t\t\t\t\t\t<\/span>\n\t\t<\/div>\n\t\t\t\t\t\t<\/div>\n\t\t\t\t<\/div>\n\t\t\t\t<div class=\"elementor-element elementor-element-23fc66f2 elementor-widget elementor-widget-text-editor\" data-id=\"23fc66f2\" data-element_type=\"widget\" data-e-type=\"widget\" data-widget_type=\"text-editor.default\">\n\t\t\t\t<div class=\"elementor-widget-container\">\n\t\t\t\t\t\t\t\t\t<p>Hier finden Sie alle unsere Richtlinien und Gesch\u00e4ftsbedingungen<\/p>\n\t\t\t\t\t\t\t\t<\/div>\n\t\t\t\t<\/div>\n\t\t\t\t\t<\/div>\n\t\t<\/div>\n\t\t\t\t\t<\/div>\n\t\t<\/section>\n\t\t\t\t<section class=\"elementor-section elementor-top-section elementor-element elementor-element-2d316441 elementor-section-boxed elementor-section-height-default elementor-section-height-default\" data-id=\"2d316441\" data-element_type=\"section\" data-e-type=\"section\">\n\t\t\t\t\t\t<div class=\"elementor-container elementor-column-gap-no\">\n\t\t\t\t\t<div class=\"elementor-column elementor-col-100 elementor-top-column elementor-element elementor-element-3f1dbbd\" data-id=\"3f1dbbd\" data-element_type=\"column\" data-e-type=\"column\">\n\t\t\t<div class=\"elementor-widget-wrap elementor-element-populated\">\n\t\t\t\t\t\t<section class=\"elementor-section elementor-inner-section elementor-element elementor-element-7f25586e elementor-section-boxed elementor-section-height-default elementor-section-height-default\" data-id=\"7f25586e\" data-element_type=\"section\" data-e-type=\"section\">\n\t\t\t\t\t\t<div class=\"elementor-container elementor-column-gap-no\">\n\t\t\t\t\t<div class=\"elementor-column elementor-col-100 elementor-inner-column elementor-element elementor-element-2f01d2a9\" data-id=\"2f01d2a9\" data-element_type=\"column\" data-e-type=\"column\">\n\t\t\t<div class=\"elementor-widget-wrap elementor-element-populated\">\n\t\t\t\t\t\t<div class=\"elementor-element elementor-element-37b733af elementor-widget elementor-widget-heading\" data-id=\"37b733af\" data-element_type=\"widget\" data-e-type=\"widget\" data-widget_type=\"heading.default\">\n\t\t\t\t<div class=\"elementor-widget-container\">\n\t\t\t\t\t<h2 class=\"elementor-heading-title elementor-size-default\">E-Mail-Politik<\/h2>\t\t\t\t<\/div>\n\t\t\t\t<\/div>\n\t\t\t\t<div class=\"elementor-element elementor-element-1d6a6fcc elementor-widget elementor-widget-text-editor\" data-id=\"1d6a6fcc\" data-element_type=\"widget\" data-e-type=\"widget\" data-widget_type=\"text-editor.default\">\n\t\t\t\t<div class=\"elementor-widget-container\">\n\t\t\t\t\t\t\t\t\t<p>Alle von Microtex gesendeten E-Mail-Nachrichten und alle mit ihnen \u00fcbermittelten Anh\u00e4nge k\u00f6nnen vertrauliche Informationen enthalten, die nur f\u00fcr die Person(en) bestimmt sind, an die die Nachricht gerichtet ist. Sollten Sie irrt\u00fcmlich eine E-Mail erhalten haben, benachrichtigen Sie bitte den Absender per Antwort-E-Mail und l\u00f6schen Sie sie aus Ihrem System; Sie d\u00fcrfen keine E-Mail-Nachrichten oder deren Inhalt verbreiten oder kopieren. Jegliche Ansichten oder Meinungen, die in diesen E-Mail-Nachrichten ge\u00e4u\u00dfert werden, sind ausschlie\u00dflich die des Verfassers und stellen nicht notwendigerweise die von Microtex oder seinen verbundenen Unternehmen (&#8222;Microtex&#8220;) dar. Kein Mitarbeiter oder Vertreter ist befugt, im Namen von Microtex einen verbindlichen Vertrag mit einer anderen Partei per E-Mail abzuschlie\u00dfen. Microtex haftet weder f\u00fcr den Inhalt der E-Mail noch f\u00fcr die Folgen von Handlungen, die auf der Grundlage der bereitgestellten Informationen vorgenommen werden, es sei denn, diese Informationen werden anschlie\u00dfend von Microtex in einem unterzeichneten Schreiben best\u00e4tigt.<\/p>\n<\/p>\n<p>Der Empf\u00e4nger sollte die E-Mails und alle Anh\u00e4nge auf das Vorhandensein von Viren \u00fcberpr\u00fcfen. Microtex \u00fcbernimmt keine Haftung f\u00fcr Sch\u00e4den, die durch Viren verursacht werden, die durch E-Mail-Nachrichten oder Anh\u00e4nge \u00fcbertragen werden.<\/p>\n\t\t\t\t\t\t\t\t<\/div>\n\t\t\t\t<\/div>\n\t\t\t\t<div class=\"elementor-element elementor-element-21231546 elementor-widget elementor-widget-heading\" data-id=\"21231546\" data-element_type=\"widget\" data-e-type=\"widget\" data-widget_type=\"heading.default\">\n\t\t\t\t<div class=\"elementor-widget-container\">\n\t\t\t\t\t<h2 class=\"elementor-heading-title elementor-size-default\">Datenschutzbestimmungen<\/h2>\t\t\t\t<\/div>\n\t\t\t\t<\/div>\n\t\t\t\t<div class=\"elementor-element elementor-element-57f79eca elementor-widget elementor-widget-html\" data-id=\"57f79eca\" data-element_type=\"widget\" data-e-type=\"widget\" data-widget_type=\"html.default\">\n\t\t\t\t<div class=\"elementor-widget-container\">\n\t\t\t\t\t<a href=\"https:\/\/www.iubenda.com\/privacy-policy\/73298551\" class=\"iubenda-black no-brand iubenda-noiframe iubenda-embed iubenda-noiframe \" title=\"Datenschutzrichtlinie \" target=\"_blank\" rel=\"noopener\">Datenschutzrichtlinie<\/a><script type=\"text\/javascript\">(function (w,d) {var loader = function () {var s = d.createElement(\"script\"), tag = d.getElementsByTagName(\"script\")[0]; s.src=\"https:\/\/cdn.iubenda.com\/iubenda.js\"; tag.parentNode.insertBefore(s,tag);}; if(w.addEventListener){w.addEventListener(\"load\", loader, false);}else if(w.attachEvent){w.attachEvent(\"onload\", loader);}else{w.onload = loader;>(window, document);<\/script>\t\t\t\t<\/div>\n\t\t\t\t<\/div>\n\t\t\t\t<div class=\"elementor-element elementor-element-187a2f92 elementor-widget elementor-widget-heading\" data-id=\"187a2f92\" data-element_type=\"widget\" data-e-type=\"widget\" data-widget_type=\"heading.default\">\n\t\t\t\t<div class=\"elementor-widget-container\">\n\t\t\t\t\t<h2 class=\"elementor-heading-title elementor-size-default\">Cookie Policy<\/h2>\t\t\t\t<\/div>\n\t\t\t\t<\/div>\n\t\t\t\t<div class=\"elementor-element elementor-element-635b14f4 elementor-widget elementor-widget-html\" data-id=\"635b14f4\" data-element_type=\"widget\" data-e-type=\"widget\" data-widget_type=\"html.default\">\n\t\t\t\t<div class=\"elementor-widget-container\">\n\t\t\t\t\t<a href=\"https:\/\/www.iubenda.com\/privacy-policy\/73298551\/cookie-policy\" class=\"iubenda-black no-brand iubenda-noiframe iubenda-embed iubenda-noiframe \" title=\"Cookie Policy \" target=\"_blank\" rel=\"noopener\">Cookie Policy<\/a><script type=\"text\/javascript\">(function (w,d) {var loader = function () {var s = d.createElement(\"script\"), tag = d.getElementsByTagName(\"script\")[0]; s.src=\"https:\/\/cdn.iubenda.com\/iubenda.js\"; tag.parentNode.insertBefore(s,tag);}; if(w.addEventListener){w.addEventListener(\"load\", loader, false);}else if(w.attachEvent){w.attachEvent(\"onload\", loader);}else{w.onload = loader;>(window, document);<\/script>\t\t\t\t<\/div>\n\t\t\t\t<\/div>\n\t\t\t\t<div class=\"elementor-element elementor-element-7385ec20 elementor-widget elementor-widget-heading\" data-id=\"7385ec20\" data-element_type=\"widget\" data-e-type=\"widget\" data-widget_type=\"heading.default\">\n\t\t\t\t<div class=\"elementor-widget-container\">\n\t\t\t\t\t<h2 class=\"elementor-heading-title elementor-size-default\">Bedingungen f\u00fcr die Nutzung dieser Website<\/h2>\t\t\t\t<\/div>\n\t\t\t\t<\/div>\n\t\t\t\t<div class=\"elementor-element elementor-element-5d75e791 elementor-widget elementor-widget-html\" data-id=\"5d75e791\" data-element_type=\"widget\" data-e-type=\"widget\" data-widget_type=\"html.default\">\n\t\t\t\t<div class=\"elementor-widget-container\">\n\t\t\t\t\t<a href=\"https:\/\/www.iubenda.com\/terms-and-conditions\/73298551\" class=\"iubenda-white no-brand iubenda-noiframe iubenda-embed iubenda-noiframe \" title=\"Bedingungen und Konditionen \" target=\"_blank\" rel=\"noopener\">Bedingungen und Konditionen<\/a><script type=\"text\/javascript\">(function (w,d) {var loader = function () {var s = d.createElement(\"script\"), tag = d.getElementsByTagName(\"script\")[0]; s.src=\"https:\/\/cdn.iubenda.com\/iubenda.js\"; tag.parentNode.insertBefore(s,tag);}; if(w.addEventListener){w.addEventListener(\"load\", loader, false);}else if(w.attachEvent){w.attachEvent(\"onload\", loader);}else{w.onload = loader;>(window, document);<\/script>\t\t\t\t<\/div>\n\t\t\t\t<\/div>\n\t\t\t\t\t<\/div>\n\t\t<\/div>\n\t\t\t\t\t<\/div>\n\t\t<\/section>\n\t\t\t\t\t<\/div>\n\t\t<\/div>\n\t\t\t\t\t<\/div>\n\t\t<\/section>\n\t\t\t\t<section class=\"elementor-section elementor-top-section elementor-element elementor-element-20a37b40 elementor-section-boxed elementor-section-height-default elementor-section-height-default\" data-id=\"20a37b40\" data-element_type=\"section\" data-e-type=\"section\">\n\t\t\t\t\t\t<div class=\"elementor-container elementor-column-gap-no\">\n\t\t\t\t\t<div class=\"elementor-column elementor-col-100 elementor-top-column elementor-element elementor-element-6171f4ab\" data-id=\"6171f4ab\" data-element_type=\"column\" data-e-type=\"column\">\n\t\t\t<div class=\"elementor-widget-wrap elementor-element-populated\">\n\t\t\t\t\t\t<div class=\"elementor-element elementor-element-5bfb944b gallery-spacing-custom elementor-widget elementor-widget-image-gallery\" data-id=\"5bfb944b\" data-element_type=\"widget\" data-e-type=\"widget\" data-widget_type=\"image-gallery.default\">\n\t\t\t\t<div class=\"elementor-widget-container\">\n\t\t\t\t\t\t\t<div class=\"elementor-image-gallery\">\n\t\t\t<div id='gallery-1' class='gallery galleryid-34196 gallery-columns-1 gallery-size-full'><figure class='gallery-item'>\n\t\t\t<div class='gallery-icon landscape'>\n\t\t\t\t<img decoding=\"async\" width=\"1400\" height=\"500\" src=\"https:\/\/microtexindia.com\/wp-content\/uploads\/2021\/09\/Microtex-Limitless.png\" class=\"attachment-full size-full\" alt=\"Microtex Grenzenlos Logo\" srcset=\"https:\/\/microtexindia.com\/wp-content\/uploads\/2021\/09\/Microtex-Limitless.png 1400w, https:\/\/microtexindia.com\/wp-content\/uploads\/2021\/09\/Microtex-Limitless-300x107.png 300w, https:\/\/microtexindia.com\/wp-content\/uploads\/2021\/09\/Microtex-Limitless-1024x366.png 1024w, https:\/\/microtexindia.com\/wp-content\/uploads\/2021\/09\/Microtex-Limitless-768x274.png 768w\" sizes=\"(max-width: 1400px) 100vw, 1400px\" \/>\n\t\t\t<\/div><\/figure>\n\t\t<\/div>\n\t\t<\/div>\n\t\t\t\t\t\t<\/div>\n\t\t\t\t<\/div>\n\t\t\t\t\t<\/div>\n\t\t<\/div>\n\t\t\t\t\t<\/div>\n\t\t<\/section>\n\t\t\t\t<\/div>\n\t\t","protected":false},"excerpt":{"rendered":"<p>Rechtliche Dinge Hier finden Sie alle unsere Richtlinien und Gesch\u00e4ftsbedingungen E-Mail-Politik Alle von Microtex gesendeten E-Mail-Nachrichten und alle mit ihnen \u00fcbermittelten Anh\u00e4nge k\u00f6nnen vertrauliche Informationen enthalten, die nur f\u00fcr die Person(en) bestimmt sind, an die die Nachricht gerichtet ist. Sollten Sie irrt\u00fcmlich eine E-Mail erhalten haben, benachrichtigen Sie bitte den Absender per Antwort-E-Mail und l\u00f6schen [&hellip;]<\/p>\n","protected":false},"author":1,"featured_media":0,"parent":29903,"menu_order":16,"comment_status":"closed","ping_status":"closed","template":"","meta":{"footnotes":""},"class_list":["post-34196","page","type-page","status-publish","hentry"],"_links":{"self":[{"href":"https:\/\/microtexindia.com\/de\/wp-json\/wp\/v2\/pages\/34196","targetHints":{"allow":["GET"]}}],"collection":[{"href":"https:\/\/microtexindia.com\/de\/wp-json\/wp\/v2\/pages"}],"about":[{"href":"https:\/\/microtexindia.com\/de\/wp-json\/wp\/v2\/types\/page"}],"author":[{"embeddable":true,"href":"https:\/\/microtexindia.com\/de\/wp-json\/wp\/v2\/users\/1"}],"replies":[{"embeddable":true,"href":"https:\/\/microtexindia.com\/de\/wp-json\/wp\/v2\/comments?post=34196"}],"version-history":[{"count":0,"href":"https:\/\/microtexindia.com\/de\/wp-json\/wp\/v2\/pages\/34196\/revisions"}],"up":[{"embeddable":true,"href":"https:\/\/microtexindia.com\/de\/wp-json\/wp\/v2\/pages\/29903"}],"wp:attachment":[{"href":"https:\/\/microtexindia.com\/de\/wp-json\/wp\/v2\/media?parent=34196"}],"curies":[{"name":"wp","href":"https:\/\/api.w.org\/{rel}","templated":true}]}}