{"id":34250,"date":"2026-02-26T04:49:44","date_gmt":"2026-02-25T23:19:44","guid":{"rendered":"http:\/\/microtexindia.com\/sobre-nosotros\/legal-stuff\/"},"modified":"2023-04-03T12:05:06","modified_gmt":"2023-04-03T06:35:06","slug":"legal-stuff","status":"publish","type":"page","link":"https:\/\/microtexindia.com\/es\/sobre-nosotros\/legal-stuff\/","title":{"rendered":"Asuntos legales"},"content":{"rendered":"\t\t<div data-elementor-type=\"wp-page\" data-elementor-id=\"34250\" class=\"elementor elementor-34250 elementor-4728\" data-elementor-post-type=\"page\">\n\t\t\t\t\t\t<section class=\"elementor-section elementor-top-section elementor-element elementor-element-7173d968 elementor-section-height-min-height elementor-section-items-stretch elementor-section-content-middle elementor-section-boxed elementor-section-height-default\" data-id=\"7173d968\" data-element_type=\"section\" data-e-type=\"section\" data-settings=\"{&quot;background_background&quot;:&quot;classic&quot;}\">\n\t\t\t\t\t\t<div class=\"elementor-container elementor-column-gap-no\">\n\t\t\t\t\t<div class=\"elementor-column elementor-col-100 elementor-top-column elementor-element elementor-element-2f6b3466\" data-id=\"2f6b3466\" data-element_type=\"column\" data-e-type=\"column\">\n\t\t\t<div class=\"elementor-widget-wrap elementor-element-populated\">\n\t\t\t\t\t\t<div class=\"elementor-element elementor-element-69714e01 elementor-invisible elementor-widget elementor-widget-heading\" data-id=\"69714e01\" data-element_type=\"widget\" data-e-type=\"widget\" data-settings=\"{&quot;_animation&quot;:&quot;fadeIn&quot;}\" data-widget_type=\"heading.default\">\n\t\t\t\t<div class=\"elementor-widget-container\">\n\t\t\t\t\t<h1 class=\"elementor-heading-title elementor-size-default\">Asuntos legales<\/h1>\t\t\t\t<\/div>\n\t\t\t\t<\/div>\n\t\t\t\t<div class=\"elementor-element elementor-element-5ad496ea elementor-widget-divider--view-line elementor-invisible elementor-widget elementor-widget-divider\" data-id=\"5ad496ea\" data-element_type=\"widget\" data-e-type=\"widget\" data-settings=\"{&quot;_animation&quot;:&quot;fadeIn&quot;,&quot;_animation_delay&quot;:&quot;200&quot;}\" data-widget_type=\"divider.default\">\n\t\t\t\t<div class=\"elementor-widget-container\">\n\t\t\t\t\t\t\t<div class=\"elementor-divider\">\n\t\t\t<span class=\"elementor-divider-separator\">\n\t\t\t\t\t\t<\/span>\n\t\t<\/div>\n\t\t\t\t\t\t<\/div>\n\t\t\t\t<\/div>\n\t\t\t\t<div class=\"elementor-element elementor-element-23fc66f2 elementor-widget elementor-widget-text-editor\" data-id=\"23fc66f2\" data-element_type=\"widget\" data-e-type=\"widget\" data-widget_type=\"text-editor.default\">\n\t\t\t\t<div class=\"elementor-widget-container\">\n\t\t\t\t\t\t\t\t\t<p>Aqu\u00ed encontrar\u00e1 todas nuestras pol\u00edticas y condiciones<\/p>\n\t\t\t\t\t\t\t\t<\/div>\n\t\t\t\t<\/div>\n\t\t\t\t\t<\/div>\n\t\t<\/div>\n\t\t\t\t\t<\/div>\n\t\t<\/section>\n\t\t\t\t<section class=\"elementor-section elementor-top-section elementor-element elementor-element-2d316441 elementor-section-boxed elementor-section-height-default elementor-section-height-default\" data-id=\"2d316441\" data-element_type=\"section\" data-e-type=\"section\">\n\t\t\t\t\t\t<div class=\"elementor-container elementor-column-gap-no\">\n\t\t\t\t\t<div class=\"elementor-column elementor-col-100 elementor-top-column elementor-element elementor-element-3f1dbbd\" data-id=\"3f1dbbd\" data-element_type=\"column\" data-e-type=\"column\">\n\t\t\t<div class=\"elementor-widget-wrap elementor-element-populated\">\n\t\t\t\t\t\t<section class=\"elementor-section elementor-inner-section elementor-element elementor-element-7f25586e elementor-section-boxed elementor-section-height-default elementor-section-height-default\" data-id=\"7f25586e\" data-element_type=\"section\" data-e-type=\"section\">\n\t\t\t\t\t\t<div class=\"elementor-container elementor-column-gap-no\">\n\t\t\t\t\t<div class=\"elementor-column elementor-col-100 elementor-inner-column elementor-element elementor-element-2f01d2a9\" data-id=\"2f01d2a9\" data-element_type=\"column\" data-e-type=\"column\">\n\t\t\t<div class=\"elementor-widget-wrap elementor-element-populated\">\n\t\t\t\t\t\t<div class=\"elementor-element elementor-element-37b733af elementor-widget elementor-widget-heading\" data-id=\"37b733af\" data-element_type=\"widget\" data-e-type=\"widget\" data-widget_type=\"heading.default\">\n\t\t\t\t<div class=\"elementor-widget-container\">\n\t\t\t\t\t<h2 class=\"elementor-heading-title elementor-size-default\">Pol\u00edtica de correo electr\u00f3nico<\/h2>\t\t\t\t<\/div>\n\t\t\t\t<\/div>\n\t\t\t\t<div class=\"elementor-element elementor-element-1d6a6fcc elementor-widget elementor-widget-text-editor\" data-id=\"1d6a6fcc\" data-element_type=\"widget\" data-e-type=\"widget\" data-widget_type=\"text-editor.default\">\n\t\t\t\t<div class=\"elementor-widget-container\">\n\t\t\t\t\t\t\t\t\t<p>Todos los mensajes de correo electr\u00f3nico enviados por Microtex y los archivos adjuntos transmitidos con ellos pueden contener informaci\u00f3n confidencial que est\u00e1 destinada \u00fanicamente a la persona o personas a las que va dirigido el mensaje. Si ha recibido alg\u00fan mensaje de correo electr\u00f3nico por error, notif\u00edquelo al remitente por correo electr\u00f3nico de respuesta y b\u00f3rrelo de su sistema; no deber\u00e1 distribuir ni copiar ning\u00fan mensaje de correo electr\u00f3nico ni su contenido. Los puntos de vista u opiniones presentados en estos mensajes de correo electr\u00f3nico son exclusivamente los del autor y no representan necesariamente los de Microtex ni sus afiliados (\u00abMicrotex\u00bb). Ning\u00fan empleado o agente est\u00e1 autorizado a concluir ning\u00fan acuerdo vinculante en nombre de Microtex con otra parte por correo electr\u00f3nico. Microtex no acepta ninguna responsabilidad por el contenido del correo electr\u00f3nico, ni por las consecuencias de cualquier acci\u00f3n realizada sobre la base de la informaci\u00f3n proporcionada, a menos que dicha informaci\u00f3n sea confirmada posteriormente por Microtex en un escrito firmado.<\/p>\n<\/p>\n<p>El destinatario debe comprobar los correos electr\u00f3nicos y los archivos adjuntos para detectar la presencia de cualquier virus. Microtex no acepta ninguna responsabilidad por los da\u00f1os causados por cualquier virus transmitido por cualquier mensaje de correo electr\u00f3nico o cualquier adjunto.<\/p>\n\t\t\t\t\t\t\t\t<\/div>\n\t\t\t\t<\/div>\n\t\t\t\t<div class=\"elementor-element elementor-element-21231546 elementor-widget elementor-widget-heading\" data-id=\"21231546\" data-element_type=\"widget\" data-e-type=\"widget\" data-widget_type=\"heading.default\">\n\t\t\t\t<div class=\"elementor-widget-container\">\n\t\t\t\t\t<h2 class=\"elementor-heading-title elementor-size-default\">Pol\u00edtica de privacidad<\/h2>\t\t\t\t<\/div>\n\t\t\t\t<\/div>\n\t\t\t\t<div class=\"elementor-element elementor-element-57f79eca elementor-widget elementor-widget-html\" data-id=\"57f79eca\" data-element_type=\"widget\" data-e-type=\"widget\" data-widget_type=\"html.default\">\n\t\t\t\t<div class=\"elementor-widget-container\">\n\t\t\t\t\t<a href=\"https:\/\/www.iubenda.com\/privacy-policy\/73298551\" class=\"iubenda-black no-brand iubenda-noiframe iubenda-embed iubenda-noiframe \" title=\"Pol\u00edtica de privacidad \" target=\"_blank\" rel=\"noopener\">Pol\u00edtica de privacidad<\/a><script type=\"text\/javascript\">(function (w,d) {var loader = function () {var s = d.createElement(\"script\"), tag = d.getElementsByTagName(\"script\")[0]; s.src=\"https:\/\/cdn.iubenda.com\/iubenda.js\"; tag.parentNode.insertBefore(s,tag);}; if(w.addEventListener){w.addEventListener(\"load\", loader, false);}else if(w.attachEvent){w.attachEvent(\"onload\", loader);}else{w.onload = loader;>(window, document);<\/script>\t\t\t\t<\/div>\n\t\t\t\t<\/div>\n\t\t\t\t<div class=\"elementor-element elementor-element-187a2f92 elementor-widget elementor-widget-heading\" data-id=\"187a2f92\" data-element_type=\"widget\" data-e-type=\"widget\" data-widget_type=\"heading.default\">\n\t\t\t\t<div class=\"elementor-widget-container\">\n\t\t\t\t\t<h2 class=\"elementor-heading-title elementor-size-default\">Cookie Policy<\/h2>\t\t\t\t<\/div>\n\t\t\t\t<\/div>\n\t\t\t\t<div class=\"elementor-element elementor-element-635b14f4 elementor-widget elementor-widget-html\" data-id=\"635b14f4\" data-element_type=\"widget\" data-e-type=\"widget\" data-widget_type=\"html.default\">\n\t\t\t\t<div class=\"elementor-widget-container\">\n\t\t\t\t\t<a href=\"https:\/\/www.iubenda.com\/privacy-policy\/73298551\/cookie-policy\" class=\"iubenda-black no-brand iubenda-noiframe iubenda-embed iubenda-noiframe \" title=\"Cookie Policy \" target=\"_blank\" rel=\"noopener\">Cookie Policy<\/a><script type=\"text\/javascript\">(function (w,d) {var loader = function () {var s = d.createElement(\"script\"), tag = d.getElementsByTagName(\"script\")[0]; s.src=\"https:\/\/cdn.iubenda.com\/iubenda.js\"; tag.parentNode.insertBefore(s,tag);}; if(w.addEventListener){w.addEventListener(\"load\", loader, false);}else if(w.attachEvent){w.attachEvent(\"onload\", loader);}else{w.onload = loader;>(window, document);<\/script>\t\t\t\t<\/div>\n\t\t\t\t<\/div>\n\t\t\t\t<div class=\"elementor-element elementor-element-7385ec20 elementor-widget elementor-widget-heading\" data-id=\"7385ec20\" data-element_type=\"widget\" data-e-type=\"widget\" data-widget_type=\"heading.default\">\n\t\t\t\t<div class=\"elementor-widget-container\">\n\t\t\t\t\t<h2 class=\"elementor-heading-title elementor-size-default\">Condiciones de uso de este sitio web<\/h2>\t\t\t\t<\/div>\n\t\t\t\t<\/div>\n\t\t\t\t<div class=\"elementor-element elementor-element-5d75e791 elementor-widget elementor-widget-html\" data-id=\"5d75e791\" data-element_type=\"widget\" data-e-type=\"widget\" data-widget_type=\"html.default\">\n\t\t\t\t<div class=\"elementor-widget-container\">\n\t\t\t\t\t<a href=\"https:\/\/www.iubenda.com\/terms-and-conditions\/73298551\" class=\"iubenda-white no-brand iubenda-noiframe iubenda-embed iubenda-noiframe \" title=\"T\u00e9rminos y condiciones \" target=\"_blank\" rel=\"noopener\">T\u00e9rminos y condiciones<\/a><script type=\"text\/javascript\">(function (w,d) {var loader = function () {var s = d.createElement(\"script\"), tag = d.getElementsByTagName(\"script\")[0]; s.src=\"https:\/\/cdn.iubenda.com\/iubenda.js\"; tag.parentNode.insertBefore(s,tag);}; if(w.addEventListener){w.addEventListener(\"load\", loader, false);}else if(w.attachEvent){w.attachEvent(\"onload\", loader);}else{w.onload = loader;>(window, document);<\/script>\t\t\t\t<\/div>\n\t\t\t\t<\/div>\n\t\t\t\t\t<\/div>\n\t\t<\/div>\n\t\t\t\t\t<\/div>\n\t\t<\/section>\n\t\t\t\t\t<\/div>\n\t\t<\/div>\n\t\t\t\t\t<\/div>\n\t\t<\/section>\n\t\t\t\t<section class=\"elementor-section elementor-top-section elementor-element elementor-element-20a37b40 elementor-section-boxed elementor-section-height-default elementor-section-height-default\" data-id=\"20a37b40\" data-element_type=\"section\" data-e-type=\"section\">\n\t\t\t\t\t\t<div class=\"elementor-container elementor-column-gap-no\">\n\t\t\t\t\t<div class=\"elementor-column elementor-col-100 elementor-top-column elementor-element elementor-element-6171f4ab\" data-id=\"6171f4ab\" data-element_type=\"column\" data-e-type=\"column\">\n\t\t\t<div class=\"elementor-widget-wrap elementor-element-populated\">\n\t\t\t\t\t\t<div class=\"elementor-element elementor-element-5bfb944b gallery-spacing-custom elementor-widget elementor-widget-image-gallery\" data-id=\"5bfb944b\" data-element_type=\"widget\" data-e-type=\"widget\" data-widget_type=\"image-gallery.default\">\n\t\t\t\t<div class=\"elementor-widget-container\">\n\t\t\t\t\t\t\t<div class=\"elementor-image-gallery\">\n\t\t\t<div id='gallery-1' class='gallery galleryid-34250 gallery-columns-1 gallery-size-full'><figure class='gallery-item'>\n\t\t\t<div class='gallery-icon landscape'>\n\t\t\t\t<img decoding=\"async\" width=\"1400\" height=\"500\" src=\"https:\/\/microtexindia.com\/wp-content\/uploads\/2021\/09\/Microtex-Limitless.png\" class=\"attachment-full size-full\" alt=\"Logotipo de Microtex Limitless\" srcset=\"https:\/\/microtexindia.com\/wp-content\/uploads\/2021\/09\/Microtex-Limitless.png 1400w, https:\/\/microtexindia.com\/wp-content\/uploads\/2021\/09\/Microtex-Limitless-300x107.png 300w, https:\/\/microtexindia.com\/wp-content\/uploads\/2021\/09\/Microtex-Limitless-1024x366.png 1024w, https:\/\/microtexindia.com\/wp-content\/uploads\/2021\/09\/Microtex-Limitless-768x274.png 768w\" sizes=\"(max-width: 1400px) 100vw, 1400px\" \/>\n\t\t\t<\/div><\/figure>\n\t\t<\/div>\n\t\t<\/div>\n\t\t\t\t\t\t<\/div>\n\t\t\t\t<\/div>\n\t\t\t\t\t<\/div>\n\t\t<\/div>\n\t\t\t\t\t<\/div>\n\t\t<\/section>\n\t\t\t\t<\/div>\n\t\t","protected":false},"excerpt":{"rendered":"<p>Asuntos legales Aqu\u00ed encontrar\u00e1 todas nuestras pol\u00edticas y condiciones Pol\u00edtica de correo electr\u00f3nico Todos los mensajes de correo electr\u00f3nico enviados por Microtex y los archivos adjuntos transmitidos con ellos pueden contener informaci\u00f3n confidencial que est\u00e1 destinada \u00fanicamente a la persona o personas a las que va dirigido el mensaje. Si ha recibido alg\u00fan mensaje de [&hellip;]<\/p>\n","protected":false},"author":1,"featured_media":0,"parent":29923,"menu_order":16,"comment_status":"closed","ping_status":"closed","template":"","meta":{"footnotes":""},"class_list":["post-34250","page","type-page","status-publish","hentry"],"_links":{"self":[{"href":"https:\/\/microtexindia.com\/es\/wp-json\/wp\/v2\/pages\/34250","targetHints":{"allow":["GET"]}}],"collection":[{"href":"https:\/\/microtexindia.com\/es\/wp-json\/wp\/v2\/pages"}],"about":[{"href":"https:\/\/microtexindia.com\/es\/wp-json\/wp\/v2\/types\/page"}],"author":[{"embeddable":true,"href":"https:\/\/microtexindia.com\/es\/wp-json\/wp\/v2\/users\/1"}],"replies":[{"embeddable":true,"href":"https:\/\/microtexindia.com\/es\/wp-json\/wp\/v2\/comments?post=34250"}],"version-history":[{"count":0,"href":"https:\/\/microtexindia.com\/es\/wp-json\/wp\/v2\/pages\/34250\/revisions"}],"up":[{"embeddable":true,"href":"https:\/\/microtexindia.com\/es\/wp-json\/wp\/v2\/pages\/29923"}],"wp:attachment":[{"href":"https:\/\/microtexindia.com\/es\/wp-json\/wp\/v2\/media?parent=34250"}],"curies":[{"name":"wp","href":"https:\/\/api.w.org\/{rel}","templated":true}]}}