{"id":31724,"date":"2026-02-26T04:06:35","date_gmt":"2026-02-25T22:36:35","guid":{"rendered":"http:\/\/microtexindia.com\/a-propos-de-nous\/photos\/"},"modified":"2024-07-29T16:22:20","modified_gmt":"2024-07-29T10:52:20","slug":"photos","status":"publish","type":"page","link":"https:\/\/microtexindia.com\/fr\/a-propos-de-nous\/photos\/","title":{"rendered":"Photos de la batterie"},"content":{"rendered":"\t\t<div data-elementor-type=\"wp-page\" data-elementor-id=\"31724\" class=\"elementor elementor-31724 elementor-19\" data-elementor-post-type=\"page\">\n\t\t\t\t\t\t<section class=\"elementor-section elementor-top-section elementor-element elementor-element-7173d968 elementor-section-height-min-height elementor-section-items-stretch elementor-section-content-middle elementor-section-boxed elementor-section-height-default\" data-id=\"7173d968\" data-element_type=\"section\" data-e-type=\"section\" data-settings=\"{&quot;background_background&quot;:&quot;classic&quot;}\">\n\t\t\t\t\t\t<div class=\"elementor-container elementor-column-gap-no\">\n\t\t\t\t\t<div class=\"elementor-column elementor-col-100 elementor-top-column elementor-element elementor-element-2f6b3466\" data-id=\"2f6b3466\" data-element_type=\"column\" data-e-type=\"column\">\n\t\t\t<div class=\"elementor-widget-wrap elementor-element-populated\">\n\t\t\t\t\t\t<div class=\"elementor-element elementor-element-69714e01 elementor-invisible elementor-widget elementor-widget-heading\" data-id=\"69714e01\" data-element_type=\"widget\" data-e-type=\"widget\" data-settings=\"{&quot;_animation&quot;:&quot;fadeIn&quot;}\" data-widget_type=\"heading.default\">\n\t\t\t\t<div class=\"elementor-widget-container\">\n\t\t\t\t\t<h1 class=\"elementor-heading-title elementor-size-default\">galerie de photos<\/h1>\t\t\t\t<\/div>\n\t\t\t\t<\/div>\n\t\t\t\t<div class=\"elementor-element elementor-element-5ad496ea elementor-widget-divider--view-line elementor-invisible elementor-widget elementor-widget-divider\" data-id=\"5ad496ea\" data-element_type=\"widget\" data-e-type=\"widget\" data-settings=\"{&quot;_animation&quot;:&quot;fadeIn&quot;,&quot;_animation_delay&quot;:&quot;200&quot;}\" data-widget_type=\"divider.default\">\n\t\t\t\t<div class=\"elementor-widget-container\">\n\t\t\t\t\t\t\t<div class=\"elementor-divider\">\n\t\t\t<span class=\"elementor-divider-separator\">\n\t\t\t\t\t\t<\/span>\n\t\t<\/div>\n\t\t\t\t\t\t<\/div>\n\t\t\t\t<\/div>\n\t\t\t\t<div class=\"elementor-element elementor-element-23fc66f2 elementor-widget elementor-widget-text-editor\" data-id=\"23fc66f2\" data-element_type=\"widget\" data-e-type=\"widget\" data-widget_type=\"text-editor.default\">\n\t\t\t\t<div class=\"elementor-widget-container\">\n\t\t\t\t\t\t\t\t\t<p>Laissez-vous inspirer par nos meilleures batteries<\/p>\n\t\t\t\t\t\t\t\t<\/div>\n\t\t\t\t<\/div>\n\t\t\t\t\t<\/div>\n\t\t<\/div>\n\t\t\t\t\t<\/div>\n\t\t<\/section>\n\t\t\t\t<section class=\"elementor-section elementor-top-section elementor-element elementor-element-20a37b40 elementor-section-boxed elementor-section-height-default elementor-section-height-default\" data-id=\"20a37b40\" data-element_type=\"section\" data-e-type=\"section\">\n\t\t\t\t\t\t<div class=\"elementor-container elementor-column-gap-no\">\n\t\t\t\t\t<div class=\"elementor-column elementor-col-100 elementor-top-column elementor-element elementor-element-6171f4ab\" data-id=\"6171f4ab\" data-element_type=\"column\" data-e-type=\"column\">\n\t\t\t<div class=\"elementor-widget-wrap elementor-element-populated\">\n\t\t\t\t\t\t<div class=\"elementor-element elementor-element-5bfb944b gallery-spacing-custom elementor-widget elementor-widget-image-gallery\" data-id=\"5bfb944b\" data-element_type=\"widget\" data-e-type=\"widget\" data-widget_type=\"image-gallery.default\">\n\t\t\t\t<div class=\"elementor-widget-container\">\n\t\t\t\t\t\t\t<div class=\"elementor-image-gallery\">\n\t\t\t<div id='gallery-1' class='gallery galleryid-31724 gallery-columns-2 gallery-size-full'><figure class='gallery-item'>\n\t\t\t<div class='gallery-icon landscape'>\n\t\t\t\t<img decoding=\"async\" width=\"948\" height=\"678\" src=\"https:\/\/microtexindia.com\/wp-content\/uploads\/2021\/09\/Diesel-Loco-HR.jpg\" class=\"attachment-full size-full\" alt=\"\" srcset=\"https:\/\/microtexindia.com\/wp-content\/uploads\/2021\/09\/Diesel-Loco-HR.jpg 948w, https:\/\/microtexindia.com\/wp-content\/uploads\/2021\/09\/Diesel-Loco-HR-300x215.jpg 300w, https:\/\/microtexindia.com\/wp-content\/uploads\/2021\/09\/Diesel-Loco-HR-768x549.jpg 768w\" sizes=\"(max-width: 948px) 100vw, 948px\">\n\t\t\t<\/div><\/figure><figure class='gallery-item'>\n\t\t\t<div class='gallery-icon landscape'>\n\t\t\t\t<img decoding=\"async\" width=\"948\" height=\"678\" src=\"https:\/\/microtexindia.com\/wp-content\/uploads\/2021\/09\/Diesel-Loco-FRP.jpg\" class=\"attachment-full size-full\" alt=\"\" srcset=\"https:\/\/microtexindia.com\/wp-content\/uploads\/2021\/09\/Diesel-Loco-FRP.jpg 948w, https:\/\/microtexindia.com\/wp-content\/uploads\/2021\/09\/Diesel-Loco-FRP-300x215.jpg 300w, https:\/\/microtexindia.com\/wp-content\/uploads\/2021\/09\/Diesel-Loco-FRP-768x549.jpg 768w\" sizes=\"(max-width: 948px) 100vw, 948px\">\n\t\t\t<\/div><\/figure><figure class='gallery-item'>\n\t\t\t<div class='gallery-icon landscape'>\n\t\t\t\t<img decoding=\"async\" width=\"948\" height=\"678\" src=\"https:\/\/microtexindia.com\/wp-content\/uploads\/2021\/09\/Forklift-Battery.jpg\" class=\"attachment-full size-full\" alt=\"\" srcset=\"https:\/\/microtexindia.com\/wp-content\/uploads\/2021\/09\/Forklift-Battery.jpg 948w, https:\/\/microtexindia.com\/wp-content\/uploads\/2021\/09\/Forklift-Battery-300x215.jpg 300w, https:\/\/microtexindia.com\/wp-content\/uploads\/2021\/09\/Forklift-Battery-768x549.jpg 768w\" sizes=\"(max-width: 948px) 100vw, 948px\">\n\t\t\t<\/div><\/figure><figure class='gallery-item'>\n\t\t\t<div class='gallery-icon landscape'>\n\t\t\t\t<img decoding=\"async\" width=\"948\" height=\"678\" src=\"https:\/\/microtexindia.com\/wp-content\/uploads\/2021\/09\/Battery-charger.jpg\" class=\"attachment-full size-full\" alt=\"\" srcset=\"https:\/\/microtexindia.com\/wp-content\/uploads\/2021\/09\/Battery-charger.jpg 948w, https:\/\/microtexindia.com\/wp-content\/uploads\/2021\/09\/Battery-charger-300x215.jpg 300w, https:\/\/microtexindia.com\/wp-content\/uploads\/2021\/09\/Battery-charger-768x549.jpg 768w\" sizes=\"(max-width: 948px) 100vw, 948px\">\n\t\t\t<\/div><\/figure><figure class='gallery-item'>\n\t\t\t<div class='gallery-icon landscape'>\n\t\t\t\t<img decoding=\"async\" width=\"948\" height=\"678\" src=\"https:\/\/microtexindia.com\/wp-content\/uploads\/2024\/07\/6V-225Ah-GC.jpg\" class=\"attachment-full size-full\" alt=\"Microtex 6V 225Ah GC\" srcset=\"https:\/\/microtexindia.com\/wp-content\/uploads\/2024\/07\/6V-225Ah-GC.jpg 948w, https:\/\/microtexindia.com\/wp-content\/uploads\/2024\/07\/6V-225Ah-GC-300x215.jpg 300w, https:\/\/microtexindia.com\/wp-content\/uploads\/2024\/07\/6V-225Ah-GC-768x549.jpg 768w\" sizes=\"(max-width: 948px) 100vw, 948px\" \/>\n\t\t\t<\/div><\/figure><figure class='gallery-item'>\n\t\t\t<div class='gallery-icon landscape'>\n\t\t\t\t<img decoding=\"async\" width=\"948\" height=\"648\" src=\"https:\/\/microtexindia.com\/wp-content\/uploads\/2024\/07\/8V-175Ah-GC.jpg\" class=\"attachment-full size-full\" alt=\"Microtex 8V 175Ah GC\" srcset=\"https:\/\/microtexindia.com\/wp-content\/uploads\/2024\/07\/8V-175Ah-GC.jpg 948w, https:\/\/microtexindia.com\/wp-content\/uploads\/2024\/07\/8V-175Ah-GC-300x205.jpg 300w, https:\/\/microtexindia.com\/wp-content\/uploads\/2024\/07\/8V-175Ah-GC-768x525.jpg 768w\" sizes=\"(max-width: 948px) 100vw, 948px\" \/>\n\t\t\t<\/div><\/figure><figure class='gallery-item'>\n\t\t\t<div class='gallery-icon landscape'>\n\t\t\t\t<img decoding=\"async\" width=\"948\" height=\"648\" src=\"https:\/\/microtexindia.com\/wp-content\/uploads\/2024\/07\/12V-150Ah-GC.jpg\" class=\"attachment-full size-full\" alt=\"Microtex 12V 150Ah\" srcset=\"https:\/\/microtexindia.com\/wp-content\/uploads\/2024\/07\/12V-150Ah-GC.jpg 948w, https:\/\/microtexindia.com\/wp-content\/uploads\/2024\/07\/12V-150Ah-GC-300x205.jpg 300w, https:\/\/microtexindia.com\/wp-content\/uploads\/2024\/07\/12V-150Ah-GC-768x525.jpg 768w\" sizes=\"(max-width: 948px) 100vw, 948px\" \/>\n\t\t\t<\/div><\/figure><figure class='gallery-item'>\n\t\t\t<div class='gallery-icon landscape'>\n\t\t\t\t<img decoding=\"async\" width=\"948\" height=\"648\" src=\"https:\/\/microtexindia.com\/wp-content\/uploads\/2024\/07\/INtellibatt.jpg\" class=\"attachment-full size-full\" alt=\"Microtex Intellibatt\" srcset=\"https:\/\/microtexindia.com\/wp-content\/uploads\/2024\/07\/INtellibatt.jpg 948w, https:\/\/microtexindia.com\/wp-content\/uploads\/2024\/07\/INtellibatt-300x205.jpg 300w, https:\/\/microtexindia.com\/wp-content\/uploads\/2024\/07\/INtellibatt-768x525.jpg 768w\" sizes=\"(max-width: 948px) 100vw, 948px\" \/>\n\t\t\t<\/div><\/figure><figure class='gallery-item'>\n\t\t\t<div class='gallery-icon landscape'>\n\t\t\t\t<img decoding=\"async\" width=\"948\" height=\"648\" src=\"https:\/\/microtexindia.com\/wp-content\/uploads\/2024\/07\/Eternia-Gel_.jpg\" class=\"attachment-full size-full\" alt=\"Microtex Eternia Gel\" srcset=\"https:\/\/microtexindia.com\/wp-content\/uploads\/2024\/07\/Eternia-Gel_.jpg 948w, https:\/\/microtexindia.com\/wp-content\/uploads\/2024\/07\/Eternia-Gel_-300x205.jpg 300w, https:\/\/microtexindia.com\/wp-content\/uploads\/2024\/07\/Eternia-Gel_-768x525.jpg 768w\" sizes=\"(max-width: 948px) 100vw, 948px\" \/>\n\t\t\t<\/div><\/figure><figure class='gallery-item'>\n\t\t\t<div class='gallery-icon landscape'>\n\t\t\t\t<img decoding=\"async\" width=\"948\" height=\"678\" src=\"https:\/\/microtexindia.com\/wp-content\/uploads\/2021\/09\/OPzS.jpg\" class=\"attachment-full size-full\" alt=\"batterie de centrale nucl\u00e9aire OPzS\" srcset=\"https:\/\/microtexindia.com\/wp-content\/uploads\/2021\/09\/OPzS.jpg 948w, https:\/\/microtexindia.com\/wp-content\/uploads\/2021\/09\/OPzS-300x215.jpg 300w, https:\/\/microtexindia.com\/wp-content\/uploads\/2021\/09\/OPzS-768x549.jpg 768w\" sizes=\"(max-width: 948px) 100vw, 948px\" \/>\n\t\t\t<\/div><\/figure><figure class='gallery-item'>\n\t\t\t<div class='gallery-icon landscape'>\n\t\t\t\t<img decoding=\"async\" width=\"948\" height=\"678\" src=\"https:\/\/microtexindia.com\/wp-content\/uploads\/2021\/09\/OPzV.jpg\" class=\"attachment-full size-full\" alt=\"\" srcset=\"https:\/\/microtexindia.com\/wp-content\/uploads\/2021\/09\/OPzV.jpg 948w, https:\/\/microtexindia.com\/wp-content\/uploads\/2021\/09\/OPzV-300x215.jpg 300w, https:\/\/microtexindia.com\/wp-content\/uploads\/2021\/09\/OPzV-768x549.jpg 768w\" sizes=\"(max-width: 948px) 100vw, 948px\">\n\t\t\t<\/div><\/figure><figure class='gallery-item'>\n\t\t\t<div class='gallery-icon landscape'>\n\t\t\t\t<img decoding=\"async\" width=\"948\" height=\"678\" src=\"https:\/\/microtexindia.com\/wp-content\/uploads\/2021\/09\/2V-AGM-VRLA.jpg\" class=\"attachment-full size-full\" alt=\"\" srcset=\"https:\/\/microtexindia.com\/wp-content\/uploads\/2021\/09\/2V-AGM-VRLA.jpg 948w, https:\/\/microtexindia.com\/wp-content\/uploads\/2021\/09\/2V-AGM-VRLA-300x215.jpg 300w, https:\/\/microtexindia.com\/wp-content\/uploads\/2021\/09\/2V-AGM-VRLA-768x549.jpg 768w\" sizes=\"(max-width: 948px) 100vw, 948px\">\n\t\t\t<\/div><\/figure><figure class='gallery-item'>\n\t\t\t<div class='gallery-icon landscape'>\n\t\t\t\t<img decoding=\"async\" width=\"948\" height=\"678\" src=\"https:\/\/microtexindia.com\/wp-content\/uploads\/2021\/09\/2V-GEL-VRLA.jpg\" class=\"attachment-full size-full\" alt=\"\" srcset=\"https:\/\/microtexindia.com\/wp-content\/uploads\/2021\/09\/2V-GEL-VRLA.jpg 948w, https:\/\/microtexindia.com\/wp-content\/uploads\/2021\/09\/2V-GEL-VRLA-300x215.jpg 300w, https:\/\/microtexindia.com\/wp-content\/uploads\/2021\/09\/2V-GEL-VRLA-768x549.jpg 768w\" sizes=\"(max-width: 948px) 100vw, 948px\">\n\t\t\t<\/div><\/figure><figure class='gallery-item'>\n\t\t\t<div class='gallery-icon landscape'>\n\t\t\t\t<img decoding=\"async\" width=\"948\" height=\"678\" src=\"https:\/\/microtexindia.com\/wp-content\/uploads\/2021\/09\/Front-Terminal-Battery.jpg\" class=\"attachment-full size-full\" alt=\"\" srcset=\"https:\/\/microtexindia.com\/wp-content\/uploads\/2021\/09\/Front-Terminal-Battery.jpg 948w, https:\/\/microtexindia.com\/wp-content\/uploads\/2021\/09\/Front-Terminal-Battery-300x215.jpg 300w, https:\/\/microtexindia.com\/wp-content\/uploads\/2021\/09\/Front-Terminal-Battery-768x549.jpg 768w\" sizes=\"(max-width: 948px) 100vw, 948px\">\n\t\t\t<\/div><\/figure><figure class='gallery-item'>\n\t\t\t<div class='gallery-icon landscape'>\n\t\t\t\t<img decoding=\"async\" width=\"948\" height=\"678\" src=\"https:\/\/microtexindia.com\/wp-content\/uploads\/2021\/09\/12V-SMF-Battery.jpg\" class=\"attachment-full size-full\" alt=\"qu&#039;est-ce qu&#039;une batterie d&#039;onduleur ? Batterie SMF 12V\" srcset=\"https:\/\/microtexindia.com\/wp-content\/uploads\/2021\/09\/12V-SMF-Battery.jpg 948w, https:\/\/microtexindia.com\/wp-content\/uploads\/2021\/09\/12V-SMF-Battery-300x215.jpg 300w, https:\/\/microtexindia.com\/wp-content\/uploads\/2021\/09\/12V-SMF-Battery-768x549.jpg 768w\" sizes=\"(max-width: 948px) 100vw, 948px\" \/>\n\t\t\t<\/div><\/figure><figure class='gallery-item'>\n\t\t\t<div class='gallery-icon landscape'>\n\t\t\t\t<img decoding=\"async\" width=\"948\" height=\"678\" src=\"https:\/\/microtexindia.com\/wp-content\/uploads\/2021\/09\/2V-1100-Flooded.jpg\" class=\"attachment-full size-full\" alt=\"\" srcset=\"https:\/\/microtexindia.com\/wp-content\/uploads\/2021\/09\/2V-1100-Flooded.jpg 948w, https:\/\/microtexindia.com\/wp-content\/uploads\/2021\/09\/2V-1100-Flooded-300x215.jpg 300w, https:\/\/microtexindia.com\/wp-content\/uploads\/2021\/09\/2V-1100-Flooded-768x549.jpg 768w\" sizes=\"(max-width: 948px) 100vw, 948px\">\n\t\t\t<\/div><\/figure><figure class='gallery-item'>\n\t\t\t<div class='gallery-icon landscape'>\n\t\t\t\t<img decoding=\"async\" width=\"948\" height=\"678\" src=\"https:\/\/microtexindia.com\/wp-content\/uploads\/2021\/09\/2V-Signal-cells.jpg\" class=\"attachment-full size-full\" alt=\"\" srcset=\"https:\/\/microtexindia.com\/wp-content\/uploads\/2021\/09\/2V-Signal-cells.jpg 948w, https:\/\/microtexindia.com\/wp-content\/uploads\/2021\/09\/2V-Signal-cells-300x215.jpg 300w, https:\/\/microtexindia.com\/wp-content\/uploads\/2021\/09\/2V-Signal-cells-768x549.jpg 768w\" sizes=\"(max-width: 948px) 100vw, 948px\">\n\t\t\t<\/div><\/figure><figure class='gallery-item'>\n\t\t\t<div class='gallery-icon landscape'>\n\t\t\t\t<img decoding=\"async\" width=\"948\" height=\"678\" src=\"https:\/\/microtexindia.com\/wp-content\/uploads\/2021\/09\/TRD-Battery-1.jpg\" class=\"attachment-full size-full\" alt=\"\" srcset=\"https:\/\/microtexindia.com\/wp-content\/uploads\/2021\/09\/TRD-Battery-1.jpg 948w, https:\/\/microtexindia.com\/wp-content\/uploads\/2021\/09\/TRD-Battery-1-300x215.jpg 300w, https:\/\/microtexindia.com\/wp-content\/uploads\/2021\/09\/TRD-Battery-1-768x549.jpg 768w\" sizes=\"(max-width: 948px) 100vw, 948px\">\n\t\t\t<\/div><\/figure><figure class='gallery-item'>\n\t\t\t<div class='gallery-icon landscape'>\n\t\t\t\t<img decoding=\"async\" width=\"948\" height=\"648\" src=\"https:\/\/microtexindia.com\/wp-content\/uploads\/2024\/07\/6V-390Ah_.jpg\" class=\"attachment-full size-full\" alt=\"Microtex 6V 390Ah\" srcset=\"https:\/\/microtexindia.com\/wp-content\/uploads\/2024\/07\/6V-390Ah_.jpg 948w, https:\/\/microtexindia.com\/wp-content\/uploads\/2024\/07\/6V-390Ah_-300x205.jpg 300w, https:\/\/microtexindia.com\/wp-content\/uploads\/2024\/07\/6V-390Ah_-768x525.jpg 768w\" sizes=\"(max-width: 948px) 100vw, 948px\" \/>\n\t\t\t<\/div><\/figure>\n\t\t<\/div>\n\t\t<\/div>\n\t\t\t\t\t\t<\/div>\n\t\t\t\t<\/div>\n\t\t\t\t\t<\/div>\n\t\t<\/div>\n\t\t\t\t\t<\/div>\n\t\t<\/section>\n\t\t\t\t<section class=\"elementor-section elementor-top-section elementor-element elementor-element-7b252121 elementor-section-height-min-height elementor-section-content-middle elementor-section-full_width elementor-section-items-stretch elementor-reverse-mobile elementor-section-height-default\" data-id=\"7b252121\" data-element_type=\"section\" data-e-type=\"section\">\n\t\t\t\t\t\t<div class=\"elementor-container elementor-column-gap-no\">\n\t\t\t\t\t<div class=\"elementor-column elementor-col-50 elementor-top-column elementor-element elementor-element-300683a1\" data-id=\"300683a1\" data-element_type=\"column\" data-e-type=\"column\" data-settings=\"{&quot;background_background&quot;:&quot;classic&quot;}\">\n\t\t\t<div class=\"elementor-widget-wrap elementor-element-populated\">\n\t\t\t\t\t\t<div class=\"elementor-element elementor-element-3932f22e elementor-widget elementor-widget-spacer\" data-id=\"3932f22e\" data-element_type=\"widget\" data-e-type=\"widget\" data-widget_type=\"spacer.default\">\n\t\t\t\t<div class=\"elementor-widget-container\">\n\t\t\t\t\t\t\t<div class=\"elementor-spacer\">\n\t\t\t<div class=\"elementor-spacer-inner\"><\/div>\n\t\t<\/div>\n\t\t\t\t\t\t<\/div>\n\t\t\t\t<\/div>\n\t\t\t\t\t<\/div>\n\t\t<\/div>\n\t\t\t\t<div class=\"elementor-column elementor-col-50 elementor-top-column elementor-element elementor-element-5aa7ff10\" data-id=\"5aa7ff10\" data-element_type=\"column\" data-e-type=\"column\">\n\t\t\t<div class=\"elementor-widget-wrap elementor-element-populated\">\n\t\t\t\t\t\t<div class=\"elementor-element elementor-element-1098ed6 elementor-widget-divider--view-line elementor-invisible elementor-widget elementor-widget-divider\" data-id=\"1098ed6\" data-element_type=\"widget\" data-e-type=\"widget\" data-settings=\"{&quot;_animation&quot;:&quot;slideInRight&quot;}\" data-widget_type=\"divider.default\">\n\t\t\t\t<div class=\"elementor-widget-container\">\n\t\t\t\t\t\t\t<div class=\"elementor-divider\">\n\t\t\t<span class=\"elementor-divider-separator\">\n\t\t\t\t\t\t<\/span>\n\t\t<\/div>\n\t\t\t\t\t\t<\/div>\n\t\t\t\t<\/div>\n\t\t\t\t<div class=\"elementor-element elementor-element-482844aa elementor-invisible elementor-widget elementor-widget-heading\" data-id=\"482844aa\" data-element_type=\"widget\" data-e-type=\"widget\" data-settings=\"{&quot;_animation&quot;:&quot;fadeIn&quot;,&quot;_animation_delay&quot;:&quot;400&quot;}\" data-widget_type=\"heading.default\">\n\t\t\t\t<div class=\"elementor-widget-container\">\n\t\t\t\t\t<h3 class=\"elementor-heading-title elementor-size-default\">Pr\u00eat \u00e0 obtenir vos besoins en batterie ?<\/h3>\t\t\t\t<\/div>\n\t\t\t\t<\/div>\n\t\t\t\t<div class=\"elementor-element elementor-element-17093b77 elementor-widget elementor-widget-text-editor\" data-id=\"17093b77\" data-element_type=\"widget\" data-e-type=\"widget\" data-widget_type=\"text-editor.default\">\n\t\t\t\t<div class=\"elementor-widget-container\">\n\t\t\t\t\t\t\t\t\t<p>Notre \u00e9quipe de professionnels est l\u00e0 pour donner un coup de jeune \u00e0 vos besoins avec un superbe service de dimensionnement des batteries, si n\u00e9cessaire. Contactez-nous d\u00e8s aujourd&rsquo;hui.<\/p>\n\t\t\t\t\t\t\t\t<\/div>\n\t\t\t\t<\/div>\n\t\t\t\t<div class=\"elementor-element elementor-element-3c5d68c8 elementor-tablet-align-justify elementor-widget elementor-widget-button\" data-id=\"3c5d68c8\" data-element_type=\"widget\" data-e-type=\"widget\" data-widget_type=\"button.default\">\n\t\t\t\t<div class=\"elementor-widget-container\">\n\t\t\t\t\t\t\t\t\t<div class=\"elementor-button-wrapper\">\n\t\t\t\t\t<a class=\"elementor-button elementor-button-link elementor-size-sm elementor-animation-pulse\" href=\"https:\/\/microtexindia.com\/fr\/contactez-nous\/\" target=\"_blank\">\n\t\t\t\t\t\t<span class=\"elementor-button-content-wrapper\">\n\t\t\t\t\t\t\t\t\t<span class=\"elementor-button-text\">Nous contacter<\/span>\n\t\t\t\t\t<\/span>\n\t\t\t\t\t<\/a>\n\t\t\t\t<\/div>\n\t\t\t\t\t\t\t\t<\/div>\n\t\t\t\t<\/div>\n\t\t\t\t<div class=\"elementor-element elementor-element-3c700896 elementor-widget elementor-widget-text-editor\" data-id=\"3c700896\" data-element_type=\"widget\" data-e-type=\"widget\" data-widget_type=\"text-editor.default\">\n\t\t\t\t<div class=\"elementor-widget-container\">\n\t\t\t\t\t\t\t\t\t<p>Une entreprise de fabrication de batteries de haute qualit\u00e9 \u00e0 Bangalore. Engag\u00e9 dans la satisfaction du client.<\/p>\n\t\t\t\t\t\t\t\t<\/div>\n\t\t\t\t<\/div>\n\t\t\t\t\t<\/div>\n\t\t<\/div>\n\t\t\t\t\t<\/div>\n\t\t<\/section>\n\t\t\t\t<\/div>\n\t\t","protected":false},"excerpt":{"rendered":"<p>galerie de photos Laissez-vous inspirer par nos meilleures batteries Pr\u00eat \u00e0 obtenir vos besoins en batterie ? Notre \u00e9quipe de professionnels est l\u00e0 pour donner un coup de jeune \u00e0 vos besoins avec un superbe service de dimensionnement des batteries, si n\u00e9cessaire. Contactez-nous d\u00e8s aujourd&rsquo;hui. Nous contacter Une entreprise de fabrication de batteries de haute [&hellip;]<\/p>\n","protected":false},"author":1,"featured_media":0,"parent":29900,"menu_order":4,"comment_status":"closed","ping_status":"closed","template":"","meta":{"footnotes":""},"class_list":["post-31724","page","type-page","status-publish","hentry"],"_links":{"self":[{"href":"https:\/\/microtexindia.com\/fr\/wp-json\/wp\/v2\/pages\/31724","targetHints":{"allow":["GET"]}}],"collection":[{"href":"https:\/\/microtexindia.com\/fr\/wp-json\/wp\/v2\/pages"}],"about":[{"href":"https:\/\/microtexindia.com\/fr\/wp-json\/wp\/v2\/types\/page"}],"author":[{"embeddable":true,"href":"https:\/\/microtexindia.com\/fr\/wp-json\/wp\/v2\/users\/1"}],"replies":[{"embeddable":true,"href":"https:\/\/microtexindia.com\/fr\/wp-json\/wp\/v2\/comments?post=31724"}],"version-history":[{"count":0,"href":"https:\/\/microtexindia.com\/fr\/wp-json\/wp\/v2\/pages\/31724\/revisions"}],"up":[{"embeddable":true,"href":"https:\/\/microtexindia.com\/fr\/wp-json\/wp\/v2\/pages\/29900"}],"wp:attachment":[{"href":"https:\/\/microtexindia.com\/fr\/wp-json\/wp\/v2\/media?parent=31724"}],"curies":[{"name":"wp","href":"https:\/\/api.w.org\/{rel}","templated":true}]}}