{"id":34186,"date":"2026-02-26T04:49:44","date_gmt":"2026-02-25T23:19:44","guid":{"rendered":"http:\/\/microtexindia.com\/a-propos-de-nous\/informations-juridiques\/"},"modified":"2023-04-03T12:05:05","modified_gmt":"2023-04-03T06:35:05","slug":"informations-juridiques","status":"publish","type":"page","link":"https:\/\/microtexindia.com\/fr\/a-propos-de-nous\/informations-juridiques\/","title":{"rendered":"Aspects juridiques"},"content":{"rendered":"\t\t<div data-elementor-type=\"wp-page\" data-elementor-id=\"34186\" class=\"elementor elementor-34186 elementor-4728\" data-elementor-post-type=\"page\">\n\t\t\t\t\t\t<section class=\"elementor-section elementor-top-section elementor-element elementor-element-7173d968 elementor-section-height-min-height elementor-section-items-stretch elementor-section-content-middle elementor-section-boxed elementor-section-height-default\" data-id=\"7173d968\" data-element_type=\"section\" data-e-type=\"section\" data-settings=\"{&quot;background_background&quot;:&quot;classic&quot;}\">\n\t\t\t\t\t\t<div class=\"elementor-container elementor-column-gap-no\">\n\t\t\t\t\t<div class=\"elementor-column elementor-col-100 elementor-top-column elementor-element elementor-element-2f6b3466\" data-id=\"2f6b3466\" data-element_type=\"column\" data-e-type=\"column\">\n\t\t\t<div class=\"elementor-widget-wrap elementor-element-populated\">\n\t\t\t\t\t\t<div class=\"elementor-element elementor-element-69714e01 elementor-invisible elementor-widget elementor-widget-heading\" data-id=\"69714e01\" data-element_type=\"widget\" data-e-type=\"widget\" data-settings=\"{&quot;_animation&quot;:&quot;fadeIn&quot;}\" data-widget_type=\"heading.default\">\n\t\t\t\t<div class=\"elementor-widget-container\">\n\t\t\t\t\t<h1 class=\"elementor-heading-title elementor-size-default\">Aspects juridiques<\/h1>\t\t\t\t<\/div>\n\t\t\t\t<\/div>\n\t\t\t\t<div class=\"elementor-element elementor-element-5ad496ea elementor-widget-divider--view-line elementor-invisible elementor-widget elementor-widget-divider\" data-id=\"5ad496ea\" data-element_type=\"widget\" data-e-type=\"widget\" data-settings=\"{&quot;_animation&quot;:&quot;fadeIn&quot;,&quot;_animation_delay&quot;:&quot;200&quot;}\" data-widget_type=\"divider.default\">\n\t\t\t\t<div class=\"elementor-widget-container\">\n\t\t\t\t\t\t\t<div class=\"elementor-divider\">\n\t\t\t<span class=\"elementor-divider-separator\">\n\t\t\t\t\t\t<\/span>\n\t\t<\/div>\n\t\t\t\t\t\t<\/div>\n\t\t\t\t<\/div>\n\t\t\t\t<div class=\"elementor-element elementor-element-23fc66f2 elementor-widget elementor-widget-text-editor\" data-id=\"23fc66f2\" data-element_type=\"widget\" data-e-type=\"widget\" data-widget_type=\"text-editor.default\">\n\t\t\t\t<div class=\"elementor-widget-container\">\n\t\t\t\t\t\t\t\t\t<p>Vous trouverez ici toutes nos politiques et conditions g\u00e9n\u00e9rales.<\/p>\n\t\t\t\t\t\t\t\t<\/div>\n\t\t\t\t<\/div>\n\t\t\t\t\t<\/div>\n\t\t<\/div>\n\t\t\t\t\t<\/div>\n\t\t<\/section>\n\t\t\t\t<section class=\"elementor-section elementor-top-section elementor-element elementor-element-2d316441 elementor-section-boxed elementor-section-height-default elementor-section-height-default\" data-id=\"2d316441\" data-element_type=\"section\" data-e-type=\"section\">\n\t\t\t\t\t\t<div class=\"elementor-container elementor-column-gap-no\">\n\t\t\t\t\t<div class=\"elementor-column elementor-col-100 elementor-top-column elementor-element elementor-element-3f1dbbd\" data-id=\"3f1dbbd\" data-element_type=\"column\" data-e-type=\"column\">\n\t\t\t<div class=\"elementor-widget-wrap elementor-element-populated\">\n\t\t\t\t\t\t<section class=\"elementor-section elementor-inner-section elementor-element elementor-element-7f25586e elementor-section-boxed elementor-section-height-default elementor-section-height-default\" data-id=\"7f25586e\" data-element_type=\"section\" data-e-type=\"section\">\n\t\t\t\t\t\t<div class=\"elementor-container elementor-column-gap-no\">\n\t\t\t\t\t<div class=\"elementor-column elementor-col-100 elementor-inner-column elementor-element elementor-element-2f01d2a9\" data-id=\"2f01d2a9\" data-element_type=\"column\" data-e-type=\"column\">\n\t\t\t<div class=\"elementor-widget-wrap elementor-element-populated\">\n\t\t\t\t\t\t<div class=\"elementor-element elementor-element-37b733af elementor-widget elementor-widget-heading\" data-id=\"37b733af\" data-element_type=\"widget\" data-e-type=\"widget\" data-widget_type=\"heading.default\">\n\t\t\t\t<div class=\"elementor-widget-container\">\n\t\t\t\t\t<h2 class=\"elementor-heading-title elementor-size-default\">Politique en mati\u00e8re de courrier \u00e9lectronique<\/h2>\t\t\t\t<\/div>\n\t\t\t\t<\/div>\n\t\t\t\t<div class=\"elementor-element elementor-element-1d6a6fcc elementor-widget elementor-widget-text-editor\" data-id=\"1d6a6fcc\" data-element_type=\"widget\" data-e-type=\"widget\" data-widget_type=\"text-editor.default\">\n\t\t\t\t<div class=\"elementor-widget-container\">\n\t\t\t\t\t\t\t\t\t<p>Tous les messages \u00e9lectroniques envoy\u00e9s par Microtex et toutes les pi\u00e8ces jointes transmises avec ceux-ci peuvent contenir des informations confidentielles qui sont destin\u00e9es uniquement \u00e0 la ou aux personnes auxquelles le message est adress\u00e9. Si vous avez re\u00e7u un message \u00e9lectronique par erreur, veuillez en informer l&rsquo;exp\u00e9diteur par un message de r\u00e9ponse et le supprimer de votre syst\u00e8me ; vous ne devez pas distribuer ou copier un message \u00e9lectronique ou son contenu. Tous les points de vue ou opinions pr\u00e9sent\u00e9s dans ces messages \u00e9lectroniques sont uniquement ceux de l&rsquo;auteur et ne repr\u00e9sentent pas n\u00e9cessairement ceux de Microtex ou de ses filiales (\u00ab\u00a0Microtex\u00a0\u00bb). Aucun employ\u00e9 ou agent n&rsquo;est autoris\u00e9 \u00e0 conclure un accord contraignant au nom de Microtex avec une autre partie par e-mail. Microtex n&rsquo;accepte aucune responsabilit\u00e9 pour le contenu de l&rsquo;e-mail, ni pour les cons\u00e9quences de toute action entreprise sur la base des informations fournies, \u00e0 moins que ces informations ne soient confirm\u00e9es ult\u00e9rieurement par Microtex dans un \u00e9crit sign\u00e9.<\/p>\n<\/p>\n<p>Le destinataire doit v\u00e9rifier que les courriels et les pi\u00e8ces jointes ne contiennent pas de virus. Microtex n&rsquo;accepte aucune responsabilit\u00e9 pour tout dommage caus\u00e9 par tout virus transmis par tout message \u00e9lectronique ou toute pi\u00e8ce jointe.<\/p>\n\t\t\t\t\t\t\t\t<\/div>\n\t\t\t\t<\/div>\n\t\t\t\t<div class=\"elementor-element elementor-element-21231546 elementor-widget elementor-widget-heading\" data-id=\"21231546\" data-element_type=\"widget\" data-e-type=\"widget\" data-widget_type=\"heading.default\">\n\t\t\t\t<div class=\"elementor-widget-container\">\n\t\t\t\t\t<h2 class=\"elementor-heading-title elementor-size-default\">Politique de confidentialit\u00e9<\/h2>\t\t\t\t<\/div>\n\t\t\t\t<\/div>\n\t\t\t\t<div class=\"elementor-element elementor-element-57f79eca elementor-widget elementor-widget-html\" data-id=\"57f79eca\" data-element_type=\"widget\" data-e-type=\"widget\" data-widget_type=\"html.default\">\n\t\t\t\t<div class=\"elementor-widget-container\">\n\t\t\t\t\t<a href=\"https:\/\/www.iubenda.com\/privacy-policy\/73298551\" class=\"iubenda-black no-brand iubenda-noiframe iubenda-embed iubenda-noiframe \" title=\"Politique de confidentialit\u00e9 \" target=\"_blank\" rel=\"noopener\">Politique de confidentialit\u00e9<\/a><script type=\"text\/javascript\">(function (w,d) {var loader = function () {var s = d.createElement(\"script\"), tag = d.getElementsByTagName(\"script\")[0]; s.src=\"https:\/\/cdn.iubenda.com\/iubenda.js\"; tag.parentNode.insertBefore(s,tag);}; if(w.addEventListener){w.addEventListener(\"load\", loader, false);}else if(w.attachEvent){w.attachEvent(\"onload\", loader);}else{w.onload = loader;>(window, document);<\/script>\t\t\t\t<\/div>\n\t\t\t\t<\/div>\n\t\t\t\t<div class=\"elementor-element elementor-element-187a2f92 elementor-widget elementor-widget-heading\" data-id=\"187a2f92\" data-element_type=\"widget\" data-e-type=\"widget\" data-widget_type=\"heading.default\">\n\t\t\t\t<div class=\"elementor-widget-container\">\n\t\t\t\t\t<h2 class=\"elementor-heading-title elementor-size-default\">Cookie Policy<\/h2>\t\t\t\t<\/div>\n\t\t\t\t<\/div>\n\t\t\t\t<div class=\"elementor-element elementor-element-635b14f4 elementor-widget elementor-widget-html\" data-id=\"635b14f4\" data-element_type=\"widget\" data-e-type=\"widget\" data-widget_type=\"html.default\">\n\t\t\t\t<div class=\"elementor-widget-container\">\n\t\t\t\t\t<a href=\"https:\/\/www.iubenda.com\/privacy-policy\/73298551\/cookie-policy\" class=\"iubenda-black no-brand iubenda-noiframe iubenda-embed iubenda-noiframe \" title=\"Cookie Policy \" target=\"_blank\" rel=\"noopener\">Cookie Policy<\/a><script type=\"text\/javascript\">(function (w,d) {var loader = function () {var s = d.createElement(\"script\"), tag = d.getElementsByTagName(\"script\")[0]; s.src=\"https:\/\/cdn.iubenda.com\/iubenda.js\"; tag.parentNode.insertBefore(s,tag);}; if(w.addEventListener){w.addEventListener(\"load\", loader, false);}else if(w.attachEvent){w.attachEvent(\"onload\", loader);}else{w.onload = loader;>(window, document);<\/script>\t\t\t\t<\/div>\n\t\t\t\t<\/div>\n\t\t\t\t<div class=\"elementor-element elementor-element-7385ec20 elementor-widget elementor-widget-heading\" data-id=\"7385ec20\" data-element_type=\"widget\" data-e-type=\"widget\" data-widget_type=\"heading.default\">\n\t\t\t\t<div class=\"elementor-widget-container\">\n\t\t\t\t\t<h2 class=\"elementor-heading-title elementor-size-default\">Conditions d'utilisation de ce site web<\/h2>\t\t\t\t<\/div>\n\t\t\t\t<\/div>\n\t\t\t\t<div class=\"elementor-element elementor-element-5d75e791 elementor-widget elementor-widget-html\" data-id=\"5d75e791\" data-element_type=\"widget\" data-e-type=\"widget\" data-widget_type=\"html.default\">\n\t\t\t\t<div class=\"elementor-widget-container\">\n\t\t\t\t\t<a href=\"https:\/\/www.iubenda.com\/terms-and-conditions\/73298551\" class=\"iubenda-white no-brand iubenda-noiframe iubenda-embed iubenda-noiframe \" title=\"Modalit\u00e9s et conditions \" target=\"_blank\" rel=\"noopener\">Modalit\u00e9s et conditions<\/a><script type=\"text\/javascript\">(function (w,d) {var loader = function () {var s = d.createElement(\"script\"), tag = d.getElementsByTagName(\"script\")[0]; s.src=\"https:\/\/cdn.iubenda.com\/iubenda.js\"; tag.parentNode.insertBefore(s,tag);}; if(w.addEventListener){w.addEventListener(\"load\", loader, false);}else if(w.attachEvent){w.attachEvent(\"onload\", loader);}else{w.onload = loader;>(window, document);<\/script>\t\t\t\t<\/div>\n\t\t\t\t<\/div>\n\t\t\t\t\t<\/div>\n\t\t<\/div>\n\t\t\t\t\t<\/div>\n\t\t<\/section>\n\t\t\t\t\t<\/div>\n\t\t<\/div>\n\t\t\t\t\t<\/div>\n\t\t<\/section>\n\t\t\t\t<section class=\"elementor-section elementor-top-section elementor-element elementor-element-20a37b40 elementor-section-boxed elementor-section-height-default elementor-section-height-default\" data-id=\"20a37b40\" data-element_type=\"section\" data-e-type=\"section\">\n\t\t\t\t\t\t<div class=\"elementor-container elementor-column-gap-no\">\n\t\t\t\t\t<div class=\"elementor-column elementor-col-100 elementor-top-column elementor-element elementor-element-6171f4ab\" data-id=\"6171f4ab\" data-element_type=\"column\" data-e-type=\"column\">\n\t\t\t<div class=\"elementor-widget-wrap elementor-element-populated\">\n\t\t\t\t\t\t<div class=\"elementor-element elementor-element-5bfb944b gallery-spacing-custom elementor-widget elementor-widget-image-gallery\" data-id=\"5bfb944b\" data-element_type=\"widget\" data-e-type=\"widget\" data-widget_type=\"image-gallery.default\">\n\t\t\t\t<div class=\"elementor-widget-container\">\n\t\t\t\t\t\t\t<div class=\"elementor-image-gallery\">\n\t\t\t<div id='gallery-1' class='gallery galleryid-34186 gallery-columns-1 gallery-size-full'><figure class='gallery-item'>\n\t\t\t<div class='gallery-icon landscape'>\n\t\t\t\t<img decoding=\"async\" width=\"1400\" height=\"500\" src=\"https:\/\/microtexindia.com\/wp-content\/uploads\/2021\/09\/Microtex-Limitless.png\" class=\"attachment-full size-full\" alt=\"Logo Microtex Limitless\" srcset=\"https:\/\/microtexindia.com\/wp-content\/uploads\/2021\/09\/Microtex-Limitless.png 1400w, https:\/\/microtexindia.com\/wp-content\/uploads\/2021\/09\/Microtex-Limitless-300x107.png 300w, https:\/\/microtexindia.com\/wp-content\/uploads\/2021\/09\/Microtex-Limitless-1024x366.png 1024w, https:\/\/microtexindia.com\/wp-content\/uploads\/2021\/09\/Microtex-Limitless-768x274.png 768w\" sizes=\"(max-width: 1400px) 100vw, 1400px\" \/>\n\t\t\t<\/div><\/figure>\n\t\t<\/div>\n\t\t<\/div>\n\t\t\t\t\t\t<\/div>\n\t\t\t\t<\/div>\n\t\t\t\t\t<\/div>\n\t\t<\/div>\n\t\t\t\t\t<\/div>\n\t\t<\/section>\n\t\t\t\t<\/div>\n\t\t","protected":false},"excerpt":{"rendered":"<p>Aspects juridiques Vous trouverez ici toutes nos politiques et conditions g\u00e9n\u00e9rales. Politique en mati\u00e8re de courrier \u00e9lectronique Tous les messages \u00e9lectroniques envoy\u00e9s par Microtex et toutes les pi\u00e8ces jointes transmises avec ceux-ci peuvent contenir des informations confidentielles qui sont destin\u00e9es uniquement \u00e0 la ou aux personnes auxquelles le message est adress\u00e9. Si vous avez re\u00e7u [&hellip;]<\/p>\n","protected":false},"author":1,"featured_media":0,"parent":29900,"menu_order":16,"comment_status":"closed","ping_status":"closed","template":"","meta":{"footnotes":""},"class_list":["post-34186","page","type-page","status-publish","hentry"],"_links":{"self":[{"href":"https:\/\/microtexindia.com\/fr\/wp-json\/wp\/v2\/pages\/34186","targetHints":{"allow":["GET"]}}],"collection":[{"href":"https:\/\/microtexindia.com\/fr\/wp-json\/wp\/v2\/pages"}],"about":[{"href":"https:\/\/microtexindia.com\/fr\/wp-json\/wp\/v2\/types\/page"}],"author":[{"embeddable":true,"href":"https:\/\/microtexindia.com\/fr\/wp-json\/wp\/v2\/users\/1"}],"replies":[{"embeddable":true,"href":"https:\/\/microtexindia.com\/fr\/wp-json\/wp\/v2\/comments?post=34186"}],"version-history":[{"count":0,"href":"https:\/\/microtexindia.com\/fr\/wp-json\/wp\/v2\/pages\/34186\/revisions"}],"up":[{"embeddable":true,"href":"https:\/\/microtexindia.com\/fr\/wp-json\/wp\/v2\/pages\/29900"}],"wp:attachment":[{"href":"https:\/\/microtexindia.com\/fr\/wp-json\/wp\/v2\/media?parent=34186"}],"curies":[{"name":"wp","href":"https:\/\/api.w.org\/{rel}","templated":true}]}}