{"id":31690,"date":"2026-02-26T04:06:35","date_gmt":"2026-02-25T22:36:35","guid":{"rendered":"http:\/\/microtexindia.com\/sobre-nos\/fotos\/"},"modified":"2024-08-20T14:59:53","modified_gmt":"2024-08-20T09:29:53","slug":"fotos","status":"publish","type":"page","link":"https:\/\/microtexindia.com\/pt-br\/sobre-nos\/fotos\/","title":{"rendered":"Fotos da bateria"},"content":{"rendered":"\t\t<div data-elementor-type=\"wp-page\" data-elementor-id=\"31690\" class=\"elementor elementor-31690 elementor-19\" data-elementor-post-type=\"page\">\n\t\t\t\t\t\t<section class=\"elementor-section elementor-top-section elementor-element elementor-element-7173d968 elementor-section-height-min-height elementor-section-items-stretch elementor-section-content-middle elementor-section-boxed elementor-section-height-default\" data-id=\"7173d968\" data-element_type=\"section\" data-e-type=\"section\" data-settings=\"{&quot;background_background&quot;:&quot;classic&quot;}\">\n\t\t\t\t\t\t<div class=\"elementor-container elementor-column-gap-no\">\n\t\t\t\t\t<div class=\"elementor-column elementor-col-100 elementor-top-column elementor-element elementor-element-2f6b3466\" data-id=\"2f6b3466\" data-element_type=\"column\" data-e-type=\"column\">\n\t\t\t<div class=\"elementor-widget-wrap elementor-element-populated\">\n\t\t\t\t\t\t<div class=\"elementor-element elementor-element-69714e01 elementor-invisible elementor-widget elementor-widget-heading\" data-id=\"69714e01\" data-element_type=\"widget\" data-e-type=\"widget\" data-settings=\"{&quot;_animation&quot;:&quot;fadeIn&quot;}\" data-widget_type=\"heading.default\">\n\t\t\t\t<div class=\"elementor-widget-container\">\n\t\t\t\t\t<h1 class=\"elementor-heading-title elementor-size-default\">galeria fotogr\u00e1fica<\/h1>\t\t\t\t<\/div>\n\t\t\t\t<\/div>\n\t\t\t\t<div class=\"elementor-element elementor-element-5ad496ea elementor-widget-divider--view-line elementor-invisible elementor-widget elementor-widget-divider\" data-id=\"5ad496ea\" data-element_type=\"widget\" data-e-type=\"widget\" data-settings=\"{&quot;_animation&quot;:&quot;fadeIn&quot;,&quot;_animation_delay&quot;:&quot;200&quot;}\" data-widget_type=\"divider.default\">\n\t\t\t\t<div class=\"elementor-widget-container\">\n\t\t\t\t\t\t\t<div class=\"elementor-divider\">\n\t\t\t<span class=\"elementor-divider-separator\">\n\t\t\t\t\t\t<\/span>\n\t\t<\/div>\n\t\t\t\t\t\t<\/div>\n\t\t\t\t<\/div>\n\t\t\t\t<div class=\"elementor-element elementor-element-23fc66f2 elementor-widget elementor-widget-text-editor\" data-id=\"23fc66f2\" data-element_type=\"widget\" data-e-type=\"widget\" data-widget_type=\"text-editor.default\">\n\t\t\t\t<div class=\"elementor-widget-container\">\n\t\t\t\t\t\t\t\t\t<p>Inspire-se com as nossas melhores baterias<\/p>\n\t\t\t\t\t\t\t\t<\/div>\n\t\t\t\t<\/div>\n\t\t\t\t\t<\/div>\n\t\t<\/div>\n\t\t\t\t\t<\/div>\n\t\t<\/section>\n\t\t\t\t<section class=\"elementor-section elementor-top-section elementor-element elementor-element-20a37b40 elementor-section-boxed elementor-section-height-default elementor-section-height-default\" data-id=\"20a37b40\" data-element_type=\"section\" data-e-type=\"section\">\n\t\t\t\t\t\t<div class=\"elementor-container elementor-column-gap-no\">\n\t\t\t\t\t<div class=\"elementor-column elementor-col-100 elementor-top-column elementor-element elementor-element-6171f4ab\" data-id=\"6171f4ab\" data-element_type=\"column\" data-e-type=\"column\">\n\t\t\t<div class=\"elementor-widget-wrap elementor-element-populated\">\n\t\t\t\t\t\t<div class=\"elementor-element elementor-element-5bfb944b gallery-spacing-custom elementor-widget elementor-widget-image-gallery\" data-id=\"5bfb944b\" data-element_type=\"widget\" data-e-type=\"widget\" data-widget_type=\"image-gallery.default\">\n\t\t\t\t<div class=\"elementor-widget-container\">\n\t\t\t\t\t\t\t<div class=\"elementor-image-gallery\">\n\t\t\t<div id='gallery-1' class='gallery galleryid-31690 gallery-columns-2 gallery-size-full'><figure class='gallery-item'>\n\t\t\t<div class='gallery-icon landscape'>\n\t\t\t\t<img decoding=\"async\" width=\"948\" height=\"678\" src=\"https:\/\/microtexindia.com\/wp-content\/uploads\/2021\/09\/Diesel-Loco-HR.jpg\" class=\"attachment-full size-full\" alt=\"\" srcset=\"https:\/\/microtexindia.com\/wp-content\/uploads\/2021\/09\/Diesel-Loco-HR.jpg 948w, https:\/\/microtexindia.com\/wp-content\/uploads\/2021\/09\/Diesel-Loco-HR-300x215.jpg 300w, https:\/\/microtexindia.com\/wp-content\/uploads\/2021\/09\/Diesel-Loco-HR-768x549.jpg 768w\" sizes=\"(max-width: 948px) 100vw, 948px\">\n\t\t\t<\/div><\/figure><figure class='gallery-item'>\n\t\t\t<div class='gallery-icon landscape'>\n\t\t\t\t<img decoding=\"async\" width=\"948\" height=\"678\" src=\"https:\/\/microtexindia.com\/wp-content\/uploads\/2021\/09\/Diesel-Loco-FRP.jpg\" class=\"attachment-full size-full\" alt=\"\" srcset=\"https:\/\/microtexindia.com\/wp-content\/uploads\/2021\/09\/Diesel-Loco-FRP.jpg 948w, https:\/\/microtexindia.com\/wp-content\/uploads\/2021\/09\/Diesel-Loco-FRP-300x215.jpg 300w, https:\/\/microtexindia.com\/wp-content\/uploads\/2021\/09\/Diesel-Loco-FRP-768x549.jpg 768w\" sizes=\"(max-width: 948px) 100vw, 948px\">\n\t\t\t<\/div><\/figure><figure class='gallery-item'>\n\t\t\t<div class='gallery-icon landscape'>\n\t\t\t\t<img decoding=\"async\" width=\"948\" height=\"678\" src=\"https:\/\/microtexindia.com\/wp-content\/uploads\/2021\/09\/Forklift-Battery.jpg\" class=\"attachment-full size-full\" alt=\"\" srcset=\"https:\/\/microtexindia.com\/wp-content\/uploads\/2021\/09\/Forklift-Battery.jpg 948w, https:\/\/microtexindia.com\/wp-content\/uploads\/2021\/09\/Forklift-Battery-300x215.jpg 300w, https:\/\/microtexindia.com\/wp-content\/uploads\/2021\/09\/Forklift-Battery-768x549.jpg 768w\" sizes=\"(max-width: 948px) 100vw, 948px\">\n\t\t\t<\/div><\/figure><figure class='gallery-item'>\n\t\t\t<div class='gallery-icon landscape'>\n\t\t\t\t<img decoding=\"async\" width=\"948\" height=\"678\" src=\"https:\/\/microtexindia.com\/wp-content\/uploads\/2021\/09\/Battery-charger.jpg\" class=\"attachment-full size-full\" alt=\"\" srcset=\"https:\/\/microtexindia.com\/wp-content\/uploads\/2021\/09\/Battery-charger.jpg 948w, https:\/\/microtexindia.com\/wp-content\/uploads\/2021\/09\/Battery-charger-300x215.jpg 300w, https:\/\/microtexindia.com\/wp-content\/uploads\/2021\/09\/Battery-charger-768x549.jpg 768w\" sizes=\"(max-width: 948px) 100vw, 948px\">\n\t\t\t<\/div><\/figure><figure class='gallery-item'>\n\t\t\t<div class='gallery-icon landscape'>\n\t\t\t\t<img decoding=\"async\" width=\"948\" height=\"678\" src=\"https:\/\/microtexindia.com\/wp-content\/uploads\/2024\/07\/6V-225Ah-GC.jpg\" class=\"attachment-full size-full\" alt=\"Microtex 6V 225Ah GC\" srcset=\"https:\/\/microtexindia.com\/wp-content\/uploads\/2024\/07\/6V-225Ah-GC.jpg 948w, https:\/\/microtexindia.com\/wp-content\/uploads\/2024\/07\/6V-225Ah-GC-300x215.jpg 300w, https:\/\/microtexindia.com\/wp-content\/uploads\/2024\/07\/6V-225Ah-GC-768x549.jpg 768w\" sizes=\"(max-width: 948px) 100vw, 948px\" \/>\n\t\t\t<\/div><\/figure><figure class='gallery-item'>\n\t\t\t<div class='gallery-icon landscape'>\n\t\t\t\t<img decoding=\"async\" width=\"948\" height=\"678\" src=\"https:\/\/microtexindia.com\/wp-content\/uploads\/2024\/07\/8V-175Ah-GC-1.jpg\" class=\"attachment-full size-full\" alt=\"Microtex 8V 175Ah GC\" srcset=\"https:\/\/microtexindia.com\/wp-content\/uploads\/2024\/07\/8V-175Ah-GC-1.jpg 948w, https:\/\/microtexindia.com\/wp-content\/uploads\/2024\/07\/8V-175Ah-GC-1-300x215.jpg 300w, https:\/\/microtexindia.com\/wp-content\/uploads\/2024\/07\/8V-175Ah-GC-1-768x549.jpg 768w\" sizes=\"(max-width: 948px) 100vw, 948px\" \/>\n\t\t\t<\/div><\/figure><figure class='gallery-item'>\n\t\t\t<div class='gallery-icon landscape'>\n\t\t\t\t<img decoding=\"async\" width=\"948\" height=\"678\" src=\"https:\/\/microtexindia.com\/wp-content\/uploads\/2024\/07\/12V-150Ah-GC-.jpg\" class=\"attachment-full size-full\" alt=\"Microtex 12V 150Ah GC\" srcset=\"https:\/\/microtexindia.com\/wp-content\/uploads\/2024\/07\/12V-150Ah-GC-.jpg 948w, https:\/\/microtexindia.com\/wp-content\/uploads\/2024\/07\/12V-150Ah-GC--300x215.jpg 300w, https:\/\/microtexindia.com\/wp-content\/uploads\/2024\/07\/12V-150Ah-GC--768x549.jpg 768w\" sizes=\"(max-width: 948px) 100vw, 948px\" \/>\n\t\t\t<\/div><\/figure><figure class='gallery-item'>\n\t\t\t<div class='gallery-icon landscape'>\n\t\t\t\t<img decoding=\"async\" width=\"948\" height=\"678\" src=\"https:\/\/microtexindia.com\/wp-content\/uploads\/2024\/07\/IntelliBatt-1.jpg\" class=\"attachment-full size-full\" alt=\"Microtex IntelliBATT\" srcset=\"https:\/\/microtexindia.com\/wp-content\/uploads\/2024\/07\/IntelliBatt-1.jpg 948w, https:\/\/microtexindia.com\/wp-content\/uploads\/2024\/07\/IntelliBatt-1-300x215.jpg 300w, https:\/\/microtexindia.com\/wp-content\/uploads\/2024\/07\/IntelliBatt-1-768x549.jpg 768w\" sizes=\"(max-width: 948px) 100vw, 948px\" \/>\n\t\t\t<\/div><\/figure><figure class='gallery-item'>\n\t\t\t<div class='gallery-icon landscape'>\n\t\t\t\t<img decoding=\"async\" width=\"948\" height=\"678\" src=\"https:\/\/microtexindia.com\/wp-content\/uploads\/2024\/07\/Eternia-Gel.jpg\" class=\"attachment-full size-full\" alt=\"Microtex Eternia Gel\" srcset=\"https:\/\/microtexindia.com\/wp-content\/uploads\/2024\/07\/Eternia-Gel.jpg 948w, https:\/\/microtexindia.com\/wp-content\/uploads\/2024\/07\/Eternia-Gel-300x215.jpg 300w, https:\/\/microtexindia.com\/wp-content\/uploads\/2024\/07\/Eternia-Gel-768x549.jpg 768w\" sizes=\"(max-width: 948px) 100vw, 948px\" \/>\n\t\t\t<\/div><\/figure><figure class='gallery-item'>\n\t\t\t<div class='gallery-icon landscape'>\n\t\t\t\t<img decoding=\"async\" width=\"948\" height=\"678\" src=\"https:\/\/microtexindia.com\/wp-content\/uploads\/2021\/09\/OPzS.jpg\" class=\"attachment-full size-full\" alt=\"bateria da usina de energia nuclear OPzS\" srcset=\"https:\/\/microtexindia.com\/wp-content\/uploads\/2021\/09\/OPzS.jpg 948w, https:\/\/microtexindia.com\/wp-content\/uploads\/2021\/09\/OPzS-300x215.jpg 300w, https:\/\/microtexindia.com\/wp-content\/uploads\/2021\/09\/OPzS-768x549.jpg 768w\" sizes=\"(max-width: 948px) 100vw, 948px\" \/>\n\t\t\t<\/div><\/figure><figure class='gallery-item'>\n\t\t\t<div class='gallery-icon landscape'>\n\t\t\t\t<img decoding=\"async\" width=\"948\" height=\"678\" src=\"https:\/\/microtexindia.com\/wp-content\/uploads\/2021\/09\/OPzV.jpg\" class=\"attachment-full size-full\" alt=\"\" srcset=\"https:\/\/microtexindia.com\/wp-content\/uploads\/2021\/09\/OPzV.jpg 948w, https:\/\/microtexindia.com\/wp-content\/uploads\/2021\/09\/OPzV-300x215.jpg 300w, https:\/\/microtexindia.com\/wp-content\/uploads\/2021\/09\/OPzV-768x549.jpg 768w\" sizes=\"(max-width: 948px) 100vw, 948px\">\n\t\t\t<\/div><\/figure><figure class='gallery-item'>\n\t\t\t<div class='gallery-icon landscape'>\n\t\t\t\t<img decoding=\"async\" width=\"948\" height=\"678\" src=\"https:\/\/microtexindia.com\/wp-content\/uploads\/2021\/09\/2V-AGM-VRLA.jpg\" class=\"attachment-full size-full\" alt=\"\" srcset=\"https:\/\/microtexindia.com\/wp-content\/uploads\/2021\/09\/2V-AGM-VRLA.jpg 948w, https:\/\/microtexindia.com\/wp-content\/uploads\/2021\/09\/2V-AGM-VRLA-300x215.jpg 300w, https:\/\/microtexindia.com\/wp-content\/uploads\/2021\/09\/2V-AGM-VRLA-768x549.jpg 768w\" sizes=\"(max-width: 948px) 100vw, 948px\">\n\t\t\t<\/div><\/figure><figure class='gallery-item'>\n\t\t\t<div class='gallery-icon landscape'>\n\t\t\t\t<img decoding=\"async\" width=\"948\" height=\"678\" src=\"https:\/\/microtexindia.com\/wp-content\/uploads\/2021\/09\/2V-GEL-VRLA.jpg\" class=\"attachment-full size-full\" alt=\"\" srcset=\"https:\/\/microtexindia.com\/wp-content\/uploads\/2021\/09\/2V-GEL-VRLA.jpg 948w, https:\/\/microtexindia.com\/wp-content\/uploads\/2021\/09\/2V-GEL-VRLA-300x215.jpg 300w, https:\/\/microtexindia.com\/wp-content\/uploads\/2021\/09\/2V-GEL-VRLA-768x549.jpg 768w\" sizes=\"(max-width: 948px) 100vw, 948px\">\n\t\t\t<\/div><\/figure><figure class='gallery-item'>\n\t\t\t<div class='gallery-icon landscape'>\n\t\t\t\t<img decoding=\"async\" width=\"948\" height=\"678\" src=\"https:\/\/microtexindia.com\/wp-content\/uploads\/2021\/09\/Front-Terminal-Battery.jpg\" class=\"attachment-full size-full\" alt=\"\" srcset=\"https:\/\/microtexindia.com\/wp-content\/uploads\/2021\/09\/Front-Terminal-Battery.jpg 948w, https:\/\/microtexindia.com\/wp-content\/uploads\/2021\/09\/Front-Terminal-Battery-300x215.jpg 300w, https:\/\/microtexindia.com\/wp-content\/uploads\/2021\/09\/Front-Terminal-Battery-768x549.jpg 768w\" sizes=\"(max-width: 948px) 100vw, 948px\">\n\t\t\t<\/div><\/figure><figure class='gallery-item'>\n\t\t\t<div class='gallery-icon landscape'>\n\t\t\t\t<img decoding=\"async\" width=\"948\" height=\"678\" src=\"https:\/\/microtexindia.com\/wp-content\/uploads\/2021\/09\/12V-SMF-Battery.jpg\" class=\"attachment-full size-full\" alt=\"o que \u00e9 uma bateria do inversor? Bateria de 12V SMF\" srcset=\"https:\/\/microtexindia.com\/wp-content\/uploads\/2021\/09\/12V-SMF-Battery.jpg 948w, https:\/\/microtexindia.com\/wp-content\/uploads\/2021\/09\/12V-SMF-Battery-300x215.jpg 300w, https:\/\/microtexindia.com\/wp-content\/uploads\/2021\/09\/12V-SMF-Battery-768x549.jpg 768w\" sizes=\"(max-width: 948px) 100vw, 948px\" \/>\n\t\t\t<\/div><\/figure><figure class='gallery-item'>\n\t\t\t<div class='gallery-icon landscape'>\n\t\t\t\t<img decoding=\"async\" width=\"948\" height=\"678\" src=\"https:\/\/microtexindia.com\/wp-content\/uploads\/2021\/09\/2V-1100-Flooded.jpg\" class=\"attachment-full size-full\" alt=\"\" srcset=\"https:\/\/microtexindia.com\/wp-content\/uploads\/2021\/09\/2V-1100-Flooded.jpg 948w, https:\/\/microtexindia.com\/wp-content\/uploads\/2021\/09\/2V-1100-Flooded-300x215.jpg 300w, https:\/\/microtexindia.com\/wp-content\/uploads\/2021\/09\/2V-1100-Flooded-768x549.jpg 768w\" sizes=\"(max-width: 948px) 100vw, 948px\">\n\t\t\t<\/div><\/figure><figure class='gallery-item'>\n\t\t\t<div class='gallery-icon landscape'>\n\t\t\t\t<img decoding=\"async\" width=\"948\" height=\"678\" src=\"https:\/\/microtexindia.com\/wp-content\/uploads\/2021\/09\/2V-Signal-cells.jpg\" class=\"attachment-full size-full\" alt=\"\" srcset=\"https:\/\/microtexindia.com\/wp-content\/uploads\/2021\/09\/2V-Signal-cells.jpg 948w, https:\/\/microtexindia.com\/wp-content\/uploads\/2021\/09\/2V-Signal-cells-300x215.jpg 300w, https:\/\/microtexindia.com\/wp-content\/uploads\/2021\/09\/2V-Signal-cells-768x549.jpg 768w\" sizes=\"(max-width: 948px) 100vw, 948px\">\n\t\t\t<\/div><\/figure><figure class='gallery-item'>\n\t\t\t<div class='gallery-icon landscape'>\n\t\t\t\t<img decoding=\"async\" width=\"948\" height=\"678\" src=\"https:\/\/microtexindia.com\/wp-content\/uploads\/2021\/09\/TRD-Battery-1.jpg\" class=\"attachment-full size-full\" alt=\"\" srcset=\"https:\/\/microtexindia.com\/wp-content\/uploads\/2021\/09\/TRD-Battery-1.jpg 948w, https:\/\/microtexindia.com\/wp-content\/uploads\/2021\/09\/TRD-Battery-1-300x215.jpg 300w, https:\/\/microtexindia.com\/wp-content\/uploads\/2021\/09\/TRD-Battery-1-768x549.jpg 768w\" sizes=\"(max-width: 948px) 100vw, 948px\">\n\t\t\t<\/div><\/figure><figure class='gallery-item'>\n\t\t\t<div class='gallery-icon landscape'>\n\t\t\t\t<img decoding=\"async\" width=\"948\" height=\"678\" src=\"https:\/\/microtexindia.com\/wp-content\/uploads\/2024\/07\/6V-390Ah.jpg\" class=\"attachment-full size-full\" alt=\"Microtex 6V 390Ah\" srcset=\"https:\/\/microtexindia.com\/wp-content\/uploads\/2024\/07\/6V-390Ah.jpg 948w, https:\/\/microtexindia.com\/wp-content\/uploads\/2024\/07\/6V-390Ah-300x215.jpg 300w, https:\/\/microtexindia.com\/wp-content\/uploads\/2024\/07\/6V-390Ah-768x549.jpg 768w\" sizes=\"(max-width: 948px) 100vw, 948px\" \/>\n\t\t\t<\/div><\/figure>\n\t\t<\/div>\n\t\t<\/div>\n\t\t\t\t\t\t<\/div>\n\t\t\t\t<\/div>\n\t\t\t\t\t<\/div>\n\t\t<\/div>\n\t\t\t\t\t<\/div>\n\t\t<\/section>\n\t\t\t\t<section class=\"elementor-section elementor-top-section elementor-element elementor-element-7b252121 elementor-section-height-min-height elementor-section-content-middle elementor-section-full_width elementor-section-items-stretch elementor-reverse-mobile elementor-section-height-default\" data-id=\"7b252121\" data-element_type=\"section\" data-e-type=\"section\">\n\t\t\t\t\t\t<div class=\"elementor-container elementor-column-gap-no\">\n\t\t\t\t\t<div class=\"elementor-column elementor-col-50 elementor-top-column elementor-element elementor-element-300683a1\" data-id=\"300683a1\" data-element_type=\"column\" data-e-type=\"column\" data-settings=\"{&quot;background_background&quot;:&quot;classic&quot;}\">\n\t\t\t<div class=\"elementor-widget-wrap elementor-element-populated\">\n\t\t\t\t\t\t<div class=\"elementor-element elementor-element-3932f22e elementor-widget elementor-widget-spacer\" data-id=\"3932f22e\" data-element_type=\"widget\" data-e-type=\"widget\" data-widget_type=\"spacer.default\">\n\t\t\t\t<div class=\"elementor-widget-container\">\n\t\t\t\t\t\t\t<div class=\"elementor-spacer\">\n\t\t\t<div class=\"elementor-spacer-inner\"><\/div>\n\t\t<\/div>\n\t\t\t\t\t\t<\/div>\n\t\t\t\t<\/div>\n\t\t\t\t\t<\/div>\n\t\t<\/div>\n\t\t\t\t<div class=\"elementor-column elementor-col-50 elementor-top-column elementor-element elementor-element-5aa7ff10\" data-id=\"5aa7ff10\" data-element_type=\"column\" data-e-type=\"column\">\n\t\t\t<div class=\"elementor-widget-wrap elementor-element-populated\">\n\t\t\t\t\t\t<div class=\"elementor-element elementor-element-1098ed6 elementor-widget-divider--view-line elementor-invisible elementor-widget elementor-widget-divider\" data-id=\"1098ed6\" data-element_type=\"widget\" data-e-type=\"widget\" data-settings=\"{&quot;_animation&quot;:&quot;slideInRight&quot;}\" data-widget_type=\"divider.default\">\n\t\t\t\t<div class=\"elementor-widget-container\">\n\t\t\t\t\t\t\t<div class=\"elementor-divider\">\n\t\t\t<span class=\"elementor-divider-separator\">\n\t\t\t\t\t\t<\/span>\n\t\t<\/div>\n\t\t\t\t\t\t<\/div>\n\t\t\t\t<\/div>\n\t\t\t\t<div class=\"elementor-element elementor-element-482844aa elementor-invisible elementor-widget elementor-widget-heading\" data-id=\"482844aa\" data-element_type=\"widget\" data-e-type=\"widget\" data-settings=\"{&quot;_animation&quot;:&quot;fadeIn&quot;,&quot;_animation_delay&quot;:&quot;400&quot;}\" data-widget_type=\"heading.default\">\n\t\t\t\t<div class=\"elementor-widget-container\">\n\t\t\t\t\t<h3 class=\"elementor-heading-title elementor-size-default\">Pronto para ter as suas necessidades de bateria?<\/h3>\t\t\t\t<\/div>\n\t\t\t\t<\/div>\n\t\t\t\t<div class=\"elementor-element elementor-element-17093b77 elementor-widget elementor-widget-text-editor\" data-id=\"17093b77\" data-element_type=\"widget\" data-e-type=\"widget\" data-widget_type=\"text-editor.default\">\n\t\t\t\t<div class=\"elementor-widget-container\">\n\t\t\t\t\t\t\t\t\t<p>Nossa equipe de profissionais est\u00e1 aqui para dar \u00e0s suas necessidades um novo visual com um magn\u00edfico servi\u00e7o de dimensionamento de baterias, se necess\u00e1rio. Contacte-nos hoje.<\/p>\n\t\t\t\t\t\t\t\t<\/div>\n\t\t\t\t<\/div>\n\t\t\t\t<div class=\"elementor-element elementor-element-3c5d68c8 elementor-tablet-align-justify elementor-widget elementor-widget-button\" data-id=\"3c5d68c8\" data-element_type=\"widget\" data-e-type=\"widget\" data-widget_type=\"button.default\">\n\t\t\t\t<div class=\"elementor-widget-container\">\n\t\t\t\t\t\t\t\t\t<div class=\"elementor-button-wrapper\">\n\t\t\t\t\t<a class=\"elementor-button elementor-button-link elementor-size-sm elementor-animation-pulse\" href=\"https:\/\/microtexindia.com\/pt-br\/contacte-nos\/\" target=\"_blank\">\n\t\t\t\t\t\t<span class=\"elementor-button-content-wrapper\">\n\t\t\t\t\t\t\t\t\t<span class=\"elementor-button-text\">Contacte-nos<\/span>\n\t\t\t\t\t<\/span>\n\t\t\t\t\t<\/a>\n\t\t\t\t<\/div>\n\t\t\t\t\t\t\t\t<\/div>\n\t\t\t\t<\/div>\n\t\t\t\t<div class=\"elementor-element elementor-element-3c700896 elementor-widget elementor-widget-text-editor\" data-id=\"3c700896\" data-element_type=\"widget\" data-e-type=\"widget\" data-widget_type=\"text-editor.default\">\n\t\t\t\t<div class=\"elementor-widget-container\">\n\t\t\t\t\t\t\t\t\t<p>Uma empresa de fabrica\u00e7\u00e3o de baterias de alta qualidade em Bangalore. Comprometido com a satisfa\u00e7\u00e3o do cliente.<\/p>\n\t\t\t\t\t\t\t\t<\/div>\n\t\t\t\t<\/div>\n\t\t\t\t\t<\/div>\n\t\t<\/div>\n\t\t\t\t\t<\/div>\n\t\t<\/section>\n\t\t\t\t<\/div>\n\t\t","protected":false},"excerpt":{"rendered":"<p>galeria fotogr\u00e1fica Inspire-se com as nossas melhores baterias Pronto para ter as suas necessidades de bateria? Nossa equipe de profissionais est\u00e1 aqui para dar \u00e0s suas necessidades um novo visual com um magn\u00edfico servi\u00e7o de dimensionamento de baterias, se necess\u00e1rio. Contacte-nos hoje. Contacte-nos Uma empresa de fabrica\u00e7\u00e3o de baterias de alta qualidade em Bangalore. Comprometido [&hellip;]<\/p>\n","protected":false},"author":1,"featured_media":0,"parent":29917,"menu_order":4,"comment_status":"closed","ping_status":"closed","template":"","meta":{"footnotes":""},"class_list":["post-31690","page","type-page","status-publish","hentry"],"_links":{"self":[{"href":"https:\/\/microtexindia.com\/pt-br\/wp-json\/wp\/v2\/pages\/31690","targetHints":{"allow":["GET"]}}],"collection":[{"href":"https:\/\/microtexindia.com\/pt-br\/wp-json\/wp\/v2\/pages"}],"about":[{"href":"https:\/\/microtexindia.com\/pt-br\/wp-json\/wp\/v2\/types\/page"}],"author":[{"embeddable":true,"href":"https:\/\/microtexindia.com\/pt-br\/wp-json\/wp\/v2\/users\/1"}],"replies":[{"embeddable":true,"href":"https:\/\/microtexindia.com\/pt-br\/wp-json\/wp\/v2\/comments?post=31690"}],"version-history":[{"count":0,"href":"https:\/\/microtexindia.com\/pt-br\/wp-json\/wp\/v2\/pages\/31690\/revisions"}],"up":[{"embeddable":true,"href":"https:\/\/microtexindia.com\/pt-br\/wp-json\/wp\/v2\/pages\/29917"}],"wp:attachment":[{"href":"https:\/\/microtexindia.com\/pt-br\/wp-json\/wp\/v2\/media?parent=31690"}],"curies":[{"name":"wp","href":"https:\/\/api.w.org\/{rel}","templated":true}]}}