{"id":31735,"date":"2026-02-26T04:06:35","date_gmt":"2026-02-25T22:36:35","guid":{"rendered":"http:\/\/microtexindia.com\/ve-chung-toi\/anh-chup\/"},"modified":"2023-05-15T15:44:29","modified_gmt":"2023-05-15T10:14:29","slug":"anh-chup","status":"publish","type":"page","link":"https:\/\/microtexindia.com\/vi\/ve-chung-toi\/anh-chup\/","title":{"rendered":"\u1ea2nh pin"},"content":{"rendered":"\t\t<div data-elementor-type=\"wp-page\" data-elementor-id=\"31735\" class=\"elementor elementor-31735 elementor-19\" data-elementor-post-type=\"page\">\n\t\t\t\t\t\t<section class=\"elementor-section elementor-top-section elementor-element elementor-element-7173d968 elementor-section-height-min-height elementor-section-items-stretch elementor-section-content-middle elementor-section-boxed elementor-section-height-default\" data-id=\"7173d968\" data-element_type=\"section\" data-e-type=\"section\" data-settings=\"{&quot;background_background&quot;:&quot;classic&quot;}\">\n\t\t\t\t\t\t<div class=\"elementor-container elementor-column-gap-no\">\n\t\t\t\t\t<div class=\"elementor-column elementor-col-100 elementor-top-column elementor-element elementor-element-2f6b3466\" data-id=\"2f6b3466\" data-element_type=\"column\" data-e-type=\"column\">\n\t\t\t<div class=\"elementor-widget-wrap elementor-element-populated\">\n\t\t\t\t\t\t<div class=\"elementor-element elementor-element-69714e01 elementor-invisible elementor-widget elementor-widget-heading\" data-id=\"69714e01\" data-element_type=\"widget\" data-e-type=\"widget\" data-settings=\"{&quot;_animation&quot;:&quot;fadeIn&quot;}\" data-widget_type=\"heading.default\">\n\t\t\t\t<div class=\"elementor-widget-container\">\n\t\t\t\t\t<h1 class=\"elementor-heading-title elementor-size-default\">tri\u1ec3n l\u00e3m \u1ea3nh<\/h1>\t\t\t\t<\/div>\n\t\t\t\t<\/div>\n\t\t\t\t<div class=\"elementor-element elementor-element-5ad496ea elementor-widget-divider--view-line elementor-invisible elementor-widget elementor-widget-divider\" data-id=\"5ad496ea\" data-element_type=\"widget\" data-e-type=\"widget\" data-settings=\"{&quot;_animation&quot;:&quot;fadeIn&quot;,&quot;_animation_delay&quot;:&quot;200&quot;}\" data-widget_type=\"divider.default\">\n\t\t\t\t<div class=\"elementor-widget-container\">\n\t\t\t\t\t\t\t<div class=\"elementor-divider\">\n\t\t\t<span class=\"elementor-divider-separator\">\n\t\t\t\t\t\t<\/span>\n\t\t<\/div>\n\t\t\t\t\t\t<\/div>\n\t\t\t\t<\/div>\n\t\t\t\t<div class=\"elementor-element elementor-element-23fc66f2 elementor-widget elementor-widget-text-editor\" data-id=\"23fc66f2\" data-element_type=\"widget\" data-e-type=\"widget\" data-widget_type=\"text-editor.default\">\n\t\t\t\t<div class=\"elementor-widget-container\">\n\t\t\t\t\t\t\t\t\t<p>L\u1ea5y c\u1ea3m h\u1ee9ng t\u1eeb nh\u1eefng vi\u00ean pin t\u1ed1t nh\u1ea5t c\u1ee7a ch\u00fang t\u00f4i<\/p>\n\t\t\t\t\t\t\t\t<\/div>\n\t\t\t\t<\/div>\n\t\t\t\t\t<\/div>\n\t\t<\/div>\n\t\t\t\t\t<\/div>\n\t\t<\/section>\n\t\t\t\t<section class=\"elementor-section elementor-top-section elementor-element elementor-element-20a37b40 elementor-section-boxed elementor-section-height-default elementor-section-height-default\" data-id=\"20a37b40\" data-element_type=\"section\" data-e-type=\"section\">\n\t\t\t\t\t\t<div class=\"elementor-container elementor-column-gap-no\">\n\t\t\t\t\t<div class=\"elementor-column elementor-col-100 elementor-top-column elementor-element elementor-element-6171f4ab\" data-id=\"6171f4ab\" data-element_type=\"column\" data-e-type=\"column\">\n\t\t\t<div class=\"elementor-widget-wrap elementor-element-populated\">\n\t\t\t\t\t\t<div class=\"elementor-element elementor-element-5bfb944b gallery-spacing-custom elementor-widget elementor-widget-image-gallery\" data-id=\"5bfb944b\" data-element_type=\"widget\" data-e-type=\"widget\" data-widget_type=\"image-gallery.default\">\n\t\t\t\t<div class=\"elementor-widget-container\">\n\t\t\t\t\t\t\t<div class=\"elementor-image-gallery\">\n\t\t\t<div id='gallery-1' class='gallery galleryid-31735 gallery-columns-2 gallery-size-full'><figure class='gallery-item'>\n\t\t\t<div class='gallery-icon landscape'>\n\t\t\t\t<img decoding=\"async\" width=\"948\" height=\"678\" src=\"https:\/\/microtexindia.com\/wp-content\/uploads\/2021\/09\/Diesel-Loco-HR.jpg\" class=\"attachment-full size-full\" alt=\"\" srcset=\"https:\/\/microtexindia.com\/wp-content\/uploads\/2021\/09\/Diesel-Loco-HR.jpg 948w, https:\/\/microtexindia.com\/wp-content\/uploads\/2021\/09\/Diesel-Loco-HR-300x215.jpg 300w, https:\/\/microtexindia.com\/wp-content\/uploads\/2021\/09\/Diesel-Loco-HR-768x549.jpg 768w\" sizes=\"(max-width: 948px) 100vw, 948px\">\n\t\t\t<\/div><\/figure><figure class='gallery-item'>\n\t\t\t<div class='gallery-icon landscape'>\n\t\t\t\t<img decoding=\"async\" width=\"948\" height=\"678\" src=\"https:\/\/microtexindia.com\/wp-content\/uploads\/2021\/09\/Diesel-Loco-FRP.jpg\" class=\"attachment-full size-full\" alt=\"\" srcset=\"https:\/\/microtexindia.com\/wp-content\/uploads\/2021\/09\/Diesel-Loco-FRP.jpg 948w, https:\/\/microtexindia.com\/wp-content\/uploads\/2021\/09\/Diesel-Loco-FRP-300x215.jpg 300w, https:\/\/microtexindia.com\/wp-content\/uploads\/2021\/09\/Diesel-Loco-FRP-768x549.jpg 768w\" sizes=\"(max-width: 948px) 100vw, 948px\">\n\t\t\t<\/div><\/figure><figure class='gallery-item'>\n\t\t\t<div class='gallery-icon landscape'>\n\t\t\t\t<img decoding=\"async\" width=\"948\" height=\"678\" src=\"https:\/\/microtexindia.com\/wp-content\/uploads\/2021\/09\/Forklift-Battery.jpg\" class=\"attachment-full size-full\" alt=\"\" srcset=\"https:\/\/microtexindia.com\/wp-content\/uploads\/2021\/09\/Forklift-Battery.jpg 948w, https:\/\/microtexindia.com\/wp-content\/uploads\/2021\/09\/Forklift-Battery-300x215.jpg 300w, https:\/\/microtexindia.com\/wp-content\/uploads\/2021\/09\/Forklift-Battery-768x549.jpg 768w\" sizes=\"(max-width: 948px) 100vw, 948px\">\n\t\t\t<\/div><\/figure><figure class='gallery-item'>\n\t\t\t<div class='gallery-icon landscape'>\n\t\t\t\t<img decoding=\"async\" width=\"948\" height=\"678\" src=\"https:\/\/microtexindia.com\/wp-content\/uploads\/2021\/09\/Battery-charger.jpg\" class=\"attachment-full size-full\" alt=\"\" srcset=\"https:\/\/microtexindia.com\/wp-content\/uploads\/2021\/09\/Battery-charger.jpg 948w, https:\/\/microtexindia.com\/wp-content\/uploads\/2021\/09\/Battery-charger-300x215.jpg 300w, https:\/\/microtexindia.com\/wp-content\/uploads\/2021\/09\/Battery-charger-768x549.jpg 768w\" sizes=\"(max-width: 948px) 100vw, 948px\">\n\t\t\t<\/div><\/figure><figure class='gallery-item'>\n\t\t\t<div class='gallery-icon landscape'>\n\t\t\t\t<img decoding=\"async\" width=\"948\" height=\"678\" src=\"https:\/\/microtexindia.com\/wp-content\/uploads\/2021\/09\/Golf-cart-8V.jpg\" class=\"attachment-full size-full\" alt=\"\" srcset=\"https:\/\/microtexindia.com\/wp-content\/uploads\/2021\/09\/Golf-cart-8V.jpg 948w, https:\/\/microtexindia.com\/wp-content\/uploads\/2021\/09\/Golf-cart-8V-300x215.jpg 300w, https:\/\/microtexindia.com\/wp-content\/uploads\/2021\/09\/Golf-cart-8V-768x549.jpg 768w\" sizes=\"(max-width: 948px) 100vw, 948px\">\n\t\t\t<\/div><\/figure><figure class='gallery-item'>\n\t\t\t<div class='gallery-icon landscape'>\n\t\t\t\t<img decoding=\"async\" width=\"948\" height=\"678\" src=\"https:\/\/microtexindia.com\/wp-content\/uploads\/2021\/09\/Golf-Cart-12V.jpg\" class=\"attachment-full size-full\" alt=\"\" srcset=\"https:\/\/microtexindia.com\/wp-content\/uploads\/2021\/09\/Golf-Cart-12V.jpg 948w, https:\/\/microtexindia.com\/wp-content\/uploads\/2021\/09\/Golf-Cart-12V-300x215.jpg 300w, https:\/\/microtexindia.com\/wp-content\/uploads\/2021\/09\/Golf-Cart-12V-768x549.jpg 768w\" sizes=\"(max-width: 948px) 100vw, 948px\">\n\t\t\t<\/div><\/figure><figure class='gallery-item'>\n\t\t\t<div class='gallery-icon landscape'>\n\t\t\t\t<img decoding=\"async\" width=\"948\" height=\"678\" src=\"https:\/\/microtexindia.com\/wp-content\/uploads\/2021\/09\/Golf-cart-6V.jpg\" class=\"attachment-full size-full\" alt=\"\" srcset=\"https:\/\/microtexindia.com\/wp-content\/uploads\/2021\/09\/Golf-cart-6V.jpg 948w, https:\/\/microtexindia.com\/wp-content\/uploads\/2021\/09\/Golf-cart-6V-300x215.jpg 300w, https:\/\/microtexindia.com\/wp-content\/uploads\/2021\/09\/Golf-cart-6V-768x549.jpg 768w\" sizes=\"(max-width: 948px) 100vw, 948px\">\n\t\t\t<\/div><\/figure><figure class='gallery-item'>\n\t\t\t<div class='gallery-icon landscape'>\n\t\t\t\t<img decoding=\"async\" width=\"948\" height=\"678\" src=\"https:\/\/microtexindia.com\/wp-content\/uploads\/2021\/09\/12V-Inverter-battery-flooded.jpg\" class=\"attachment-full size-full\" alt=\"\" srcset=\"https:\/\/microtexindia.com\/wp-content\/uploads\/2021\/09\/12V-Inverter-battery-flooded.jpg 948w, https:\/\/microtexindia.com\/wp-content\/uploads\/2021\/09\/12V-Inverter-battery-flooded-300x215.jpg 300w, https:\/\/microtexindia.com\/wp-content\/uploads\/2021\/09\/12V-Inverter-battery-flooded-768x549.jpg 768w\" sizes=\"(max-width: 948px) 100vw, 948px\">\n\t\t\t<\/div><\/figure><figure class='gallery-item'>\n\t\t\t<div class='gallery-icon landscape'>\n\t\t\t\t<img decoding=\"async\" width=\"948\" height=\"678\" src=\"https:\/\/microtexindia.com\/wp-content\/uploads\/2021\/09\/OPzS.jpg\" class=\"attachment-full size-full\" alt=\"pin nh\u00e0 m\u00e1y \u0111i\u1ec7n h\u1ea1t nh\u00e2n OPzS\" srcset=\"https:\/\/microtexindia.com\/wp-content\/uploads\/2021\/09\/OPzS.jpg 948w, https:\/\/microtexindia.com\/wp-content\/uploads\/2021\/09\/OPzS-300x215.jpg 300w, https:\/\/microtexindia.com\/wp-content\/uploads\/2021\/09\/OPzS-768x549.jpg 768w\" sizes=\"(max-width: 948px) 100vw, 948px\" \/>\n\t\t\t<\/div><\/figure><figure class='gallery-item'>\n\t\t\t<div class='gallery-icon landscape'>\n\t\t\t\t<img decoding=\"async\" width=\"948\" height=\"678\" src=\"https:\/\/microtexindia.com\/wp-content\/uploads\/2021\/09\/OPzV.jpg\" class=\"attachment-full size-full\" alt=\"\" srcset=\"https:\/\/microtexindia.com\/wp-content\/uploads\/2021\/09\/OPzV.jpg 948w, https:\/\/microtexindia.com\/wp-content\/uploads\/2021\/09\/OPzV-300x215.jpg 300w, https:\/\/microtexindia.com\/wp-content\/uploads\/2021\/09\/OPzV-768x549.jpg 768w\" sizes=\"(max-width: 948px) 100vw, 948px\">\n\t\t\t<\/div><\/figure><figure class='gallery-item'>\n\t\t\t<div class='gallery-icon landscape'>\n\t\t\t\t<img decoding=\"async\" width=\"948\" height=\"678\" src=\"https:\/\/microtexindia.com\/wp-content\/uploads\/2021\/09\/2V-AGM-VRLA.jpg\" class=\"attachment-full size-full\" alt=\"\" srcset=\"https:\/\/microtexindia.com\/wp-content\/uploads\/2021\/09\/2V-AGM-VRLA.jpg 948w, https:\/\/microtexindia.com\/wp-content\/uploads\/2021\/09\/2V-AGM-VRLA-300x215.jpg 300w, https:\/\/microtexindia.com\/wp-content\/uploads\/2021\/09\/2V-AGM-VRLA-768x549.jpg 768w\" sizes=\"(max-width: 948px) 100vw, 948px\">\n\t\t\t<\/div><\/figure><figure class='gallery-item'>\n\t\t\t<div class='gallery-icon landscape'>\n\t\t\t\t<img decoding=\"async\" width=\"948\" height=\"678\" src=\"https:\/\/microtexindia.com\/wp-content\/uploads\/2021\/09\/2V-GEL-VRLA.jpg\" class=\"attachment-full size-full\" alt=\"\" srcset=\"https:\/\/microtexindia.com\/wp-content\/uploads\/2021\/09\/2V-GEL-VRLA.jpg 948w, https:\/\/microtexindia.com\/wp-content\/uploads\/2021\/09\/2V-GEL-VRLA-300x215.jpg 300w, https:\/\/microtexindia.com\/wp-content\/uploads\/2021\/09\/2V-GEL-VRLA-768x549.jpg 768w\" sizes=\"(max-width: 948px) 100vw, 948px\">\n\t\t\t<\/div><\/figure><figure class='gallery-item'>\n\t\t\t<div class='gallery-icon landscape'>\n\t\t\t\t<img decoding=\"async\" width=\"948\" height=\"678\" src=\"https:\/\/microtexindia.com\/wp-content\/uploads\/2021\/09\/Front-Terminal-Battery.jpg\" class=\"attachment-full size-full\" alt=\"\" srcset=\"https:\/\/microtexindia.com\/wp-content\/uploads\/2021\/09\/Front-Terminal-Battery.jpg 948w, https:\/\/microtexindia.com\/wp-content\/uploads\/2021\/09\/Front-Terminal-Battery-300x215.jpg 300w, https:\/\/microtexindia.com\/wp-content\/uploads\/2021\/09\/Front-Terminal-Battery-768x549.jpg 768w\" sizes=\"(max-width: 948px) 100vw, 948px\">\n\t\t\t<\/div><\/figure><figure class='gallery-item'>\n\t\t\t<div class='gallery-icon landscape'>\n\t\t\t\t<img decoding=\"async\" width=\"948\" height=\"678\" src=\"https:\/\/microtexindia.com\/wp-content\/uploads\/2021\/09\/12V-SMF-Battery.jpg\" class=\"attachment-full size-full\" alt=\"pin bi\u1ebfn t\u1ea7n l\u00e0 g\u00ec? Pin 12V SMF\" srcset=\"https:\/\/microtexindia.com\/wp-content\/uploads\/2021\/09\/12V-SMF-Battery.jpg 948w, https:\/\/microtexindia.com\/wp-content\/uploads\/2021\/09\/12V-SMF-Battery-300x215.jpg 300w, https:\/\/microtexindia.com\/wp-content\/uploads\/2021\/09\/12V-SMF-Battery-768x549.jpg 768w\" sizes=\"(max-width: 948px) 100vw, 948px\" \/>\n\t\t\t<\/div><\/figure><figure class='gallery-item'>\n\t\t\t<div class='gallery-icon landscape'>\n\t\t\t\t<img decoding=\"async\" width=\"948\" height=\"678\" src=\"https:\/\/microtexindia.com\/wp-content\/uploads\/2021\/09\/2V-1100-Flooded.jpg\" class=\"attachment-full size-full\" alt=\"\" srcset=\"https:\/\/microtexindia.com\/wp-content\/uploads\/2021\/09\/2V-1100-Flooded.jpg 948w, https:\/\/microtexindia.com\/wp-content\/uploads\/2021\/09\/2V-1100-Flooded-300x215.jpg 300w, https:\/\/microtexindia.com\/wp-content\/uploads\/2021\/09\/2V-1100-Flooded-768x549.jpg 768w\" sizes=\"(max-width: 948px) 100vw, 948px\">\n\t\t\t<\/div><\/figure><figure class='gallery-item'>\n\t\t\t<div class='gallery-icon landscape'>\n\t\t\t\t<img decoding=\"async\" width=\"948\" height=\"678\" src=\"https:\/\/microtexindia.com\/wp-content\/uploads\/2021\/09\/2V-Flooded-cells.jpg\" class=\"attachment-full size-full\" alt=\"\" srcset=\"https:\/\/microtexindia.com\/wp-content\/uploads\/2021\/09\/2V-Flooded-cells.jpg 948w, https:\/\/microtexindia.com\/wp-content\/uploads\/2021\/09\/2V-Flooded-cells-300x215.jpg 300w, https:\/\/microtexindia.com\/wp-content\/uploads\/2021\/09\/2V-Flooded-cells-768x549.jpg 768w\" sizes=\"(max-width: 948px) 100vw, 948px\">\n\t\t\t<\/div><\/figure><figure class='gallery-item'>\n\t\t\t<div class='gallery-icon landscape'>\n\t\t\t\t<img decoding=\"async\" width=\"948\" height=\"678\" src=\"https:\/\/microtexindia.com\/wp-content\/uploads\/2021\/09\/2V-Signal-cells.jpg\" class=\"attachment-full size-full\" alt=\"\" srcset=\"https:\/\/microtexindia.com\/wp-content\/uploads\/2021\/09\/2V-Signal-cells.jpg 948w, https:\/\/microtexindia.com\/wp-content\/uploads\/2021\/09\/2V-Signal-cells-300x215.jpg 300w, https:\/\/microtexindia.com\/wp-content\/uploads\/2021\/09\/2V-Signal-cells-768x549.jpg 768w\" sizes=\"(max-width: 948px) 100vw, 948px\">\n\t\t\t<\/div><\/figure><figure class='gallery-item'>\n\t\t\t<div class='gallery-icon landscape'>\n\t\t\t\t<img decoding=\"async\" width=\"948\" height=\"678\" src=\"https:\/\/microtexindia.com\/wp-content\/uploads\/2021\/09\/TRD-Battery-1.jpg\" class=\"attachment-full size-full\" alt=\"\" srcset=\"https:\/\/microtexindia.com\/wp-content\/uploads\/2021\/09\/TRD-Battery-1.jpg 948w, https:\/\/microtexindia.com\/wp-content\/uploads\/2021\/09\/TRD-Battery-1-300x215.jpg 300w, https:\/\/microtexindia.com\/wp-content\/uploads\/2021\/09\/TRD-Battery-1-768x549.jpg 768w\" sizes=\"(max-width: 948px) 100vw, 948px\">\n\t\t\t<\/div><\/figure>\n\t\t<\/div>\n\t\t<\/div>\n\t\t\t\t\t\t<\/div>\n\t\t\t\t<\/div>\n\t\t\t\t\t<\/div>\n\t\t<\/div>\n\t\t\t\t\t<\/div>\n\t\t<\/section>\n\t\t\t\t<section class=\"elementor-section elementor-top-section elementor-element elementor-element-7b252121 elementor-section-height-min-height elementor-section-content-middle elementor-section-full_width elementor-section-items-stretch elementor-reverse-mobile elementor-section-height-default\" data-id=\"7b252121\" data-element_type=\"section\" data-e-type=\"section\">\n\t\t\t\t\t\t<div class=\"elementor-container elementor-column-gap-no\">\n\t\t\t\t\t<div class=\"elementor-column elementor-col-50 elementor-top-column elementor-element elementor-element-300683a1\" data-id=\"300683a1\" data-element_type=\"column\" data-e-type=\"column\" data-settings=\"{&quot;background_background&quot;:&quot;classic&quot;}\">\n\t\t\t<div class=\"elementor-widget-wrap elementor-element-populated\">\n\t\t\t\t\t\t<div class=\"elementor-element elementor-element-3932f22e elementor-widget elementor-widget-spacer\" data-id=\"3932f22e\" data-element_type=\"widget\" data-e-type=\"widget\" data-widget_type=\"spacer.default\">\n\t\t\t\t<div class=\"elementor-widget-container\">\n\t\t\t\t\t\t\t<div class=\"elementor-spacer\">\n\t\t\t<div class=\"elementor-spacer-inner\"><\/div>\n\t\t<\/div>\n\t\t\t\t\t\t<\/div>\n\t\t\t\t<\/div>\n\t\t\t\t\t<\/div>\n\t\t<\/div>\n\t\t\t\t<div class=\"elementor-column elementor-col-50 elementor-top-column elementor-element elementor-element-5aa7ff10\" data-id=\"5aa7ff10\" data-element_type=\"column\" data-e-type=\"column\">\n\t\t\t<div class=\"elementor-widget-wrap elementor-element-populated\">\n\t\t\t\t\t\t<div class=\"elementor-element elementor-element-1098ed6 elementor-widget-divider--view-line elementor-invisible elementor-widget elementor-widget-divider\" data-id=\"1098ed6\" data-element_type=\"widget\" data-e-type=\"widget\" data-settings=\"{&quot;_animation&quot;:&quot;slideInRight&quot;}\" data-widget_type=\"divider.default\">\n\t\t\t\t<div class=\"elementor-widget-container\">\n\t\t\t\t\t\t\t<div class=\"elementor-divider\">\n\t\t\t<span class=\"elementor-divider-separator\">\n\t\t\t\t\t\t<\/span>\n\t\t<\/div>\n\t\t\t\t\t\t<\/div>\n\t\t\t\t<\/div>\n\t\t\t\t<div class=\"elementor-element elementor-element-482844aa elementor-invisible elementor-widget elementor-widget-heading\" data-id=\"482844aa\" data-element_type=\"widget\" data-e-type=\"widget\" data-settings=\"{&quot;_animation&quot;:&quot;fadeIn&quot;,&quot;_animation_delay&quot;:&quot;400&quot;}\" data-widget_type=\"heading.default\">\n\t\t\t\t<div class=\"elementor-widget-container\">\n\t\t\t\t\t<h3 class=\"elementor-heading-title elementor-size-default\">S\u1eb5n s\u00e0ng \u0111\u1ec3 nh\u1eadn \u0111\u01b0\u1ee3c y\u00eau c\u1ea7u v\u1ec1 pin c\u1ee7a b\u1ea1n?<\/h3>\t\t\t\t<\/div>\n\t\t\t\t<\/div>\n\t\t\t\t<div class=\"elementor-element elementor-element-17093b77 elementor-widget elementor-widget-text-editor\" data-id=\"17093b77\" data-element_type=\"widget\" data-e-type=\"widget\" data-widget_type=\"text-editor.default\">\n\t\t\t\t<div class=\"elementor-widget-container\">\n\t\t\t\t\t\t\t\t\t<p>\u0110\u1ed9i ng\u0169 chuy\u00ean nghi\u1ec7p c\u1ee7a ch\u00fang t\u00f4i lu\u00f4n s\u1eb5n s\u00e0ng cung c\u1ea5p cho c\u00e1c y\u00eau c\u1ea7u c\u1ee7a b\u1ea1n m\u1ed9t di\u1ec7n m\u1ea1o ho\u00e0n to\u00e0n m\u1edbi v\u1edbi d\u1ecbch v\u1ee5 \u0111\u1ecbnh c\u1ee1 pin tuy\u1ec7t v\u1eddi, n\u1ebfu c\u1ea7n. Li\u00ean h\u1ec7 v\u1edbi ch\u00fang t\u00f4i h\u00f4m nay.<\/p>\n\t\t\t\t\t\t\t\t<\/div>\n\t\t\t\t<\/div>\n\t\t\t\t<div class=\"elementor-element elementor-element-3c5d68c8 elementor-tablet-align-justify elementor-widget elementor-widget-button\" data-id=\"3c5d68c8\" data-element_type=\"widget\" data-e-type=\"widget\" data-widget_type=\"button.default\">\n\t\t\t\t<div class=\"elementor-widget-container\">\n\t\t\t\t\t\t\t\t\t<div class=\"elementor-button-wrapper\">\n\t\t\t\t\t<a class=\"elementor-button elementor-button-link elementor-size-sm elementor-animation-pulse\" href=\"https:\/\/microtexindia.com\/vi\/lien-he-chung-toi\/\" target=\"_blank\">\n\t\t\t\t\t\t<span class=\"elementor-button-content-wrapper\">\n\t\t\t\t\t\t\t\t\t<span class=\"elementor-button-text\">Li\u00ean h\u1ec7 ch\u00fang t\u00f4i<\/span>\n\t\t\t\t\t<\/span>\n\t\t\t\t\t<\/a>\n\t\t\t\t<\/div>\n\t\t\t\t\t\t\t\t<\/div>\n\t\t\t\t<\/div>\n\t\t\t\t<div class=\"elementor-element elementor-element-3c700896 elementor-widget elementor-widget-text-editor\" data-id=\"3c700896\" data-element_type=\"widget\" data-e-type=\"widget\" data-widget_type=\"text-editor.default\">\n\t\t\t\t<div class=\"elementor-widget-container\">\n\t\t\t\t\t\t\t\t\t<p>M\u1ed9t c\u00f4ng ty s\u1ea3n xu\u1ea5t pin ch\u1ea5t l\u01b0\u1ee3ng cao \u1edf Bangalore. Cam K\u1ebft L\u00e0m H\u00e0i L\u00f2ng Kh\u00e1ch H\u00e0ng.<\/p>\n\t\t\t\t\t\t\t\t<\/div>\n\t\t\t\t<\/div>\n\t\t\t\t\t<\/div>\n\t\t<\/div>\n\t\t\t\t\t<\/div>\n\t\t<\/section>\n\t\t\t\t<\/div>\n\t\t","protected":false},"excerpt":{"rendered":"<p>tri\u1ec3n l\u00e3m \u1ea3nh L\u1ea5y c\u1ea3m h\u1ee9ng t\u1eeb nh\u1eefng vi\u00ean pin t\u1ed1t nh\u1ea5t c\u1ee7a ch\u00fang t\u00f4i S\u1eb5n s\u00e0ng \u0111\u1ec3 nh\u1eadn \u0111\u01b0\u1ee3c y\u00eau c\u1ea7u v\u1ec1 pin c\u1ee7a b\u1ea1n? \u0110\u1ed9i ng\u0169 chuy\u00ean nghi\u1ec7p c\u1ee7a ch\u00fang t\u00f4i lu\u00f4n s\u1eb5n s\u00e0ng cung c\u1ea5p cho c\u00e1c y\u00eau c\u1ea7u c\u1ee7a b\u1ea1n m\u1ed9t di\u1ec7n m\u1ea1o ho\u00e0n to\u00e0n m\u1edbi v\u1edbi d\u1ecbch v\u1ee5 \u0111\u1ecbnh c\u1ee1 [&hellip;]<\/p>\n","protected":false},"author":1,"featured_media":0,"parent":29931,"menu_order":4,"comment_status":"closed","ping_status":"closed","template":"","meta":{"footnotes":""},"class_list":["post-31735","page","type-page","status-publish","hentry"],"_links":{"self":[{"href":"https:\/\/microtexindia.com\/vi\/wp-json\/wp\/v2\/pages\/31735","targetHints":{"allow":["GET"]}}],"collection":[{"href":"https:\/\/microtexindia.com\/vi\/wp-json\/wp\/v2\/pages"}],"about":[{"href":"https:\/\/microtexindia.com\/vi\/wp-json\/wp\/v2\/types\/page"}],"author":[{"embeddable":true,"href":"https:\/\/microtexindia.com\/vi\/wp-json\/wp\/v2\/users\/1"}],"replies":[{"embeddable":true,"href":"https:\/\/microtexindia.com\/vi\/wp-json\/wp\/v2\/comments?post=31735"}],"version-history":[{"count":0,"href":"https:\/\/microtexindia.com\/vi\/wp-json\/wp\/v2\/pages\/31735\/revisions"}],"up":[{"embeddable":true,"href":"https:\/\/microtexindia.com\/vi\/wp-json\/wp\/v2\/pages\/29931"}],"wp:attachment":[{"href":"https:\/\/microtexindia.com\/vi\/wp-json\/wp\/v2\/media?parent=31735"}],"curies":[{"name":"wp","href":"https:\/\/api.w.org\/{rel}","templated":true}]}}