{"id":33913,"date":"2026-02-26T10:58:15","date_gmt":"2026-02-26T05:28:15","guid":{"rendered":"http:\/\/microtexindia.com\/ve-chung-toi\/tam-nhin-su-menh\/"},"modified":"2023-05-15T15:44:55","modified_gmt":"2023-05-15T10:14:55","slug":"tam-nhin-su-menh","status":"publish","type":"page","link":"https:\/\/microtexindia.com\/vi\/ve-chung-toi\/tam-nhin-su-menh\/","title":{"rendered":"T\u1ea7m nh\u00ecn &#8211; Tuy\u00ean b\u1ed1 s\u1ee9 m\u1ec7nh"},"content":{"rendered":"\t\t<div data-elementor-type=\"wp-page\" data-elementor-id=\"33913\" class=\"elementor elementor-33913 elementor-4210\" data-elementor-post-type=\"page\">\n\t\t\t\t\t\t<section class=\"elementor-section elementor-top-section elementor-element elementor-element-7173d968 elementor-section-height-min-height elementor-section-items-stretch elementor-section-content-middle elementor-section-boxed elementor-section-height-default\" data-id=\"7173d968\" data-element_type=\"section\" data-e-type=\"section\" data-settings=\"{&quot;background_background&quot;:&quot;classic&quot;}\">\n\t\t\t\t\t\t<div class=\"elementor-container elementor-column-gap-no\">\n\t\t\t\t\t<div class=\"elementor-column elementor-col-100 elementor-top-column elementor-element elementor-element-2f6b3466\" data-id=\"2f6b3466\" data-element_type=\"column\" data-e-type=\"column\">\n\t\t\t<div class=\"elementor-widget-wrap elementor-element-populated\">\n\t\t\t\t\t\t<div class=\"elementor-element elementor-element-69714e01 elementor-invisible elementor-widget elementor-widget-heading\" data-id=\"69714e01\" data-element_type=\"widget\" data-e-type=\"widget\" data-settings=\"{&quot;_animation&quot;:&quot;fadeIn&quot;}\" data-widget_type=\"heading.default\">\n\t\t\t\t<div class=\"elementor-widget-container\">\n\t\t\t\t\t<h1 class=\"elementor-heading-title elementor-size-default\">T\u1ea7m nh\u00ecn - S\u1ee9 m\u1ec7nh<\/h1>\t\t\t\t<\/div>\n\t\t\t\t<\/div>\n\t\t\t\t<div class=\"elementor-element elementor-element-5ad496ea elementor-widget-divider--view-line elementor-invisible elementor-widget elementor-widget-divider\" data-id=\"5ad496ea\" data-element_type=\"widget\" data-e-type=\"widget\" data-settings=\"{&quot;_animation&quot;:&quot;fadeIn&quot;,&quot;_animation_delay&quot;:&quot;200&quot;}\" data-widget_type=\"divider.default\">\n\t\t\t\t<div class=\"elementor-widget-container\">\n\t\t\t\t\t\t\t<div class=\"elementor-divider\">\n\t\t\t<span class=\"elementor-divider-separator\">\n\t\t\t\t\t\t<\/span>\n\t\t<\/div>\n\t\t\t\t\t\t<\/div>\n\t\t\t\t<\/div>\n\t\t\t\t\t<\/div>\n\t\t<\/div>\n\t\t\t\t\t<\/div>\n\t\t<\/section>\n\t\t\t\t<section class=\"elementor-section elementor-top-section elementor-element elementor-element-a3ea7de elementor-section-boxed elementor-section-height-default elementor-section-height-default\" data-id=\"a3ea7de\" data-element_type=\"section\" data-e-type=\"section\">\n\t\t\t\t\t\t<div class=\"elementor-container elementor-column-gap-default\">\n\t\t\t\t\t<div class=\"elementor-column elementor-col-100 elementor-top-column elementor-element elementor-element-e822d85\" data-id=\"e822d85\" data-element_type=\"column\" data-e-type=\"column\">\n\t\t\t<div class=\"elementor-widget-wrap elementor-element-populated\">\n\t\t\t\t\t\t<div class=\"elementor-element elementor-element-3fa961b elementor-widget elementor-widget-heading\" data-id=\"3fa961b\" data-element_type=\"widget\" data-e-type=\"widget\" data-widget_type=\"heading.default\">\n\t\t\t\t<div class=\"elementor-widget-container\">\n\t\t\t\t\t<h2 class=\"elementor-heading-title elementor-size-default\">T\u1ea7m nh\u00ecn<\/h2>\t\t\t\t<\/div>\n\t\t\t\t<\/div>\n\t\t\t\t<div class=\"elementor-element elementor-element-addf66f elementor-widget elementor-widget-text-editor\" data-id=\"addf66f\" data-element_type=\"widget\" data-e-type=\"widget\" data-widget_type=\"text-editor.default\">\n\t\t\t\t<div class=\"elementor-widget-container\">\n\t\t\t\t\t\t\t\t\t<p>\u201cCung c\u1ea5p c\u00e1c thi\u1ebft b\u1ecb l\u01b0u tr\u1eef n\u0103ng l\u01b0\u1ee3ng \u0111\u1eb3ng c\u1ea5p th\u1ebf gi\u1edbi, \u0111\u01b0\u1ee3c s\u1ea3n xu\u1ea5t trong m\u1ed9t m\u00f4i tr\u01b0\u1eddng c\u00f3 tr\u00e1ch nhi\u1ec7m v\u1edbi x\u00e3 h\u1ed9i.\u201d<\/p>\n\t\t\t\t\t\t\t\t<\/div>\n\t\t\t\t<\/div>\n\t\t\t\t<div class=\"elementor-element elementor-element-274105c elementor-widget elementor-widget-heading\" data-id=\"274105c\" data-element_type=\"widget\" data-e-type=\"widget\" data-widget_type=\"heading.default\">\n\t\t\t\t<div class=\"elementor-widget-container\">\n\t\t\t\t\t<h2 class=\"elementor-heading-title elementor-size-default\">S\u1ee9 m\u1ec7nh<\/h2>\t\t\t\t<\/div>\n\t\t\t\t<\/div>\n\t\t\t\t<div class=\"elementor-element elementor-element-b651c2c elementor-widget elementor-widget-text-editor\" data-id=\"b651c2c\" data-element_type=\"widget\" data-e-type=\"widget\" data-widget_type=\"text-editor.default\">\n\t\t\t\t<div class=\"elementor-widget-container\">\n\t\t\t\t\t\t\t\t\t<p>\u201cTr\u1edf th\u00e0nh nh\u00e0 s\u1ea3n xu\u1ea5t pin \u0111\u01b0\u1ee3c \u01b0a th\u00edch nh\u1ea5t, hi\u1ec7u qu\u1ea3 nh\u1ea5t tr\u00ean th\u1ebf gi\u1edbi.\u201d<\/p>\n\t\t\t\t\t\t\t\t<\/div>\n\t\t\t\t<\/div>\n\t\t\t\t\t<\/div>\n\t\t<\/div>\n\t\t\t\t\t<\/div>\n\t\t<\/section>\n\t\t\t\t<section class=\"elementor-section elementor-top-section elementor-element elementor-element-7b252121 elementor-section-height-min-height elementor-section-content-middle elementor-section-full_width elementor-section-items-stretch elementor-reverse-mobile elementor-section-height-default\" data-id=\"7b252121\" data-element_type=\"section\" data-e-type=\"section\">\n\t\t\t\t\t\t<div class=\"elementor-container elementor-column-gap-no\">\n\t\t\t\t\t<div class=\"elementor-column elementor-col-50 elementor-top-column elementor-element elementor-element-300683a1\" data-id=\"300683a1\" data-element_type=\"column\" data-e-type=\"column\" data-settings=\"{&quot;background_background&quot;:&quot;classic&quot;}\">\n\t\t\t<div class=\"elementor-widget-wrap elementor-element-populated\">\n\t\t\t\t\t\t<div class=\"elementor-element elementor-element-3932f22e elementor-widget elementor-widget-spacer\" data-id=\"3932f22e\" data-element_type=\"widget\" data-e-type=\"widget\" data-widget_type=\"spacer.default\">\n\t\t\t\t<div class=\"elementor-widget-container\">\n\t\t\t\t\t\t\t<div class=\"elementor-spacer\">\n\t\t\t<div class=\"elementor-spacer-inner\"><\/div>\n\t\t<\/div>\n\t\t\t\t\t\t<\/div>\n\t\t\t\t<\/div>\n\t\t\t\t\t<\/div>\n\t\t<\/div>\n\t\t\t\t<div class=\"elementor-column elementor-col-50 elementor-top-column elementor-element elementor-element-5aa7ff10\" data-id=\"5aa7ff10\" data-element_type=\"column\" data-e-type=\"column\">\n\t\t\t<div class=\"elementor-widget-wrap elementor-element-populated\">\n\t\t\t\t\t\t<div class=\"elementor-element elementor-element-1098ed6 elementor-widget-divider--view-line elementor-invisible elementor-widget elementor-widget-divider\" data-id=\"1098ed6\" data-element_type=\"widget\" data-e-type=\"widget\" data-settings=\"{&quot;_animation&quot;:&quot;slideInRight&quot;}\" data-widget_type=\"divider.default\">\n\t\t\t\t<div class=\"elementor-widget-container\">\n\t\t\t\t\t\t\t<div class=\"elementor-divider\">\n\t\t\t<span class=\"elementor-divider-separator\">\n\t\t\t\t\t\t<\/span>\n\t\t<\/div>\n\t\t\t\t\t\t<\/div>\n\t\t\t\t<\/div>\n\t\t\t\t<div class=\"elementor-element elementor-element-ef2c860 elementor-widget elementor-widget-heading\" data-id=\"ef2c860\" data-element_type=\"widget\" data-e-type=\"widget\" data-widget_type=\"heading.default\">\n\t\t\t\t<div class=\"elementor-widget-container\">\n\t\t\t\t\t<h2 class=\"elementor-heading-title elementor-size-default\">Gi\u00e1 tr\u1ecb<\/h2>\t\t\t\t<\/div>\n\t\t\t\t<\/div>\n\t\t\t\t<div class=\"elementor-element elementor-element-a193bdf elementor-widget elementor-widget-text-editor\" data-id=\"a193bdf\" data-element_type=\"widget\" data-e-type=\"widget\" data-widget_type=\"text-editor.default\">\n\t\t\t\t<div class=\"elementor-widget-container\">\n\t\t\t\t\t\t\t\t\t<p>\u201cS\u1ef1 h\u00e0i l\u00f2ng c\u1ee7a kh\u00e1ch h\u00e0ng b\u1eb1ng m\u1ecdi gi\u00e1, b\u1eb1ng nh\u1eefng giao d\u1ecbch trung th\u1ef1c. Cam k\u1ebft t\u00f4n tr\u1ecdng v\u00e0 ch\u00ednh tr\u1ef1c \u0111\u1ed1i v\u1edbi m\u1ecdi nh\u00e2n vi\u00ean, khuy\u1ebfn kh\u00edch nh\u1eefng gi\u00e1 tr\u1ecb m\u00e0 nh\u00e2n vi\u00ean tr\u00e2n tr\u1ecdng. \u201d<\/p>\n\t\t\t\t\t\t\t\t<\/div>\n\t\t\t\t<\/div>\n\t\t\t\t\t<\/div>\n\t\t<\/div>\n\t\t\t\t\t<\/div>\n\t\t<\/section>\n\t\t\t\t<\/div>\n\t\t","protected":false},"excerpt":{"rendered":"<p>T\u1ea7m nh\u00ecn &#8211; S\u1ee9 m\u1ec7nh T\u1ea7m nh\u00ecn \u201cCung c\u1ea5p c\u00e1c thi\u1ebft b\u1ecb l\u01b0u tr\u1eef n\u0103ng l\u01b0\u1ee3ng \u0111\u1eb3ng c\u1ea5p th\u1ebf gi\u1edbi, \u0111\u01b0\u1ee3c s\u1ea3n xu\u1ea5t trong m\u1ed9t m\u00f4i tr\u01b0\u1eddng c\u00f3 tr\u00e1ch nhi\u1ec7m v\u1edbi x\u00e3 h\u1ed9i.\u201d S\u1ee9 m\u1ec7nh \u201cTr\u1edf th\u00e0nh nh\u00e0 s\u1ea3n xu\u1ea5t pin \u0111\u01b0\u1ee3c \u01b0a th\u00edch nh\u1ea5t, hi\u1ec7u qu\u1ea3 nh\u1ea5t tr\u00ean th\u1ebf gi\u1edbi.\u201d Gi\u00e1 tr\u1ecb \u201cS\u1ef1 h\u00e0i [&hellip;]<\/p>\n","protected":false},"author":1,"featured_media":0,"parent":29931,"menu_order":5,"comment_status":"closed","ping_status":"closed","template":"","meta":{"footnotes":""},"class_list":["post-33913","page","type-page","status-publish","hentry"],"_links":{"self":[{"href":"https:\/\/microtexindia.com\/vi\/wp-json\/wp\/v2\/pages\/33913","targetHints":{"allow":["GET"]}}],"collection":[{"href":"https:\/\/microtexindia.com\/vi\/wp-json\/wp\/v2\/pages"}],"about":[{"href":"https:\/\/microtexindia.com\/vi\/wp-json\/wp\/v2\/types\/page"}],"author":[{"embeddable":true,"href":"https:\/\/microtexindia.com\/vi\/wp-json\/wp\/v2\/users\/1"}],"replies":[{"embeddable":true,"href":"https:\/\/microtexindia.com\/vi\/wp-json\/wp\/v2\/comments?post=33913"}],"version-history":[{"count":0,"href":"https:\/\/microtexindia.com\/vi\/wp-json\/wp\/v2\/pages\/33913\/revisions"}],"up":[{"embeddable":true,"href":"https:\/\/microtexindia.com\/vi\/wp-json\/wp\/v2\/pages\/29931"}],"wp:attachment":[{"href":"https:\/\/microtexindia.com\/vi\/wp-json\/wp\/v2\/media?parent=33913"}],"curies":[{"name":"wp","href":"https:\/\/api.w.org\/{rel}","templated":true}]}}