{"id":34242,"date":"2026-02-26T04:49:44","date_gmt":"2026-02-25T23:19:44","guid":{"rendered":"http:\/\/microtexindia.com\/ve-chung-toi\/thu-tuc-phap-li\/"},"modified":"2023-04-03T12:05:06","modified_gmt":"2023-04-03T06:35:06","slug":"thu-tuc-phap-li","status":"publish","type":"page","link":"https:\/\/microtexindia.com\/vi\/ve-chung-toi\/thu-tuc-phap-li\/","title":{"rendered":"Th\u1ee7 t\u1ee5c ph\u00e1p l\u00ed"},"content":{"rendered":"\t\t<div data-elementor-type=\"wp-page\" data-elementor-id=\"34242\" class=\"elementor elementor-34242 elementor-4728\" data-elementor-post-type=\"page\">\n\t\t\t\t\t\t<section class=\"elementor-section elementor-top-section elementor-element elementor-element-7173d968 elementor-section-height-min-height elementor-section-items-stretch elementor-section-content-middle elementor-section-boxed elementor-section-height-default\" data-id=\"7173d968\" data-element_type=\"section\" data-e-type=\"section\" data-settings=\"{&quot;background_background&quot;:&quot;classic&quot;}\">\n\t\t\t\t\t\t<div class=\"elementor-container elementor-column-gap-no\">\n\t\t\t\t\t<div class=\"elementor-column elementor-col-100 elementor-top-column elementor-element elementor-element-2f6b3466\" data-id=\"2f6b3466\" data-element_type=\"column\" data-e-type=\"column\">\n\t\t\t<div class=\"elementor-widget-wrap elementor-element-populated\">\n\t\t\t\t\t\t<div class=\"elementor-element elementor-element-69714e01 elementor-invisible elementor-widget elementor-widget-heading\" data-id=\"69714e01\" data-element_type=\"widget\" data-e-type=\"widget\" data-settings=\"{&quot;_animation&quot;:&quot;fadeIn&quot;}\" data-widget_type=\"heading.default\">\n\t\t\t\t<div class=\"elementor-widget-container\">\n\t\t\t\t\t<h1 class=\"elementor-heading-title elementor-size-default\">Th\u1ee7 t\u1ee5c ph\u00e1p l\u00ed<\/h1>\t\t\t\t<\/div>\n\t\t\t\t<\/div>\n\t\t\t\t<div class=\"elementor-element elementor-element-5ad496ea elementor-widget-divider--view-line elementor-invisible elementor-widget elementor-widget-divider\" data-id=\"5ad496ea\" data-element_type=\"widget\" data-e-type=\"widget\" data-settings=\"{&quot;_animation&quot;:&quot;fadeIn&quot;,&quot;_animation_delay&quot;:&quot;200&quot;}\" data-widget_type=\"divider.default\">\n\t\t\t\t<div class=\"elementor-widget-container\">\n\t\t\t\t\t\t\t<div class=\"elementor-divider\">\n\t\t\t<span class=\"elementor-divider-separator\">\n\t\t\t\t\t\t<\/span>\n\t\t<\/div>\n\t\t\t\t\t\t<\/div>\n\t\t\t\t<\/div>\n\t\t\t\t<div class=\"elementor-element elementor-element-23fc66f2 elementor-widget elementor-widget-text-editor\" data-id=\"23fc66f2\" data-element_type=\"widget\" data-e-type=\"widget\" data-widget_type=\"text-editor.default\">\n\t\t\t\t<div class=\"elementor-widget-container\">\n\t\t\t\t\t\t\t\t\t<p>T\u1ea1i \u0111\u00e2y, b\u1ea1n s\u1ebd t\u00ecm th\u1ea5y t\u1ea5t c\u1ea3 c\u00e1c ch\u00ednh s\u00e1ch &amp; \u0111i\u1ec1u kho\u1ea3n &amp; \u0111i\u1ec1u ki\u1ec7n c\u1ee7a ch\u00fang t\u00f4i<\/p>\n\t\t\t\t\t\t\t\t<\/div>\n\t\t\t\t<\/div>\n\t\t\t\t\t<\/div>\n\t\t<\/div>\n\t\t\t\t\t<\/div>\n\t\t<\/section>\n\t\t\t\t<section class=\"elementor-section elementor-top-section elementor-element elementor-element-2d316441 elementor-section-boxed elementor-section-height-default elementor-section-height-default\" data-id=\"2d316441\" data-element_type=\"section\" data-e-type=\"section\">\n\t\t\t\t\t\t<div class=\"elementor-container elementor-column-gap-no\">\n\t\t\t\t\t<div class=\"elementor-column elementor-col-100 elementor-top-column elementor-element elementor-element-3f1dbbd\" data-id=\"3f1dbbd\" data-element_type=\"column\" data-e-type=\"column\">\n\t\t\t<div class=\"elementor-widget-wrap elementor-element-populated\">\n\t\t\t\t\t\t<section class=\"elementor-section elementor-inner-section elementor-element elementor-element-7f25586e elementor-section-boxed elementor-section-height-default elementor-section-height-default\" data-id=\"7f25586e\" data-element_type=\"section\" data-e-type=\"section\">\n\t\t\t\t\t\t<div class=\"elementor-container elementor-column-gap-no\">\n\t\t\t\t\t<div class=\"elementor-column elementor-col-100 elementor-inner-column elementor-element elementor-element-2f01d2a9\" data-id=\"2f01d2a9\" data-element_type=\"column\" data-e-type=\"column\">\n\t\t\t<div class=\"elementor-widget-wrap elementor-element-populated\">\n\t\t\t\t\t\t<div class=\"elementor-element elementor-element-37b733af elementor-widget elementor-widget-heading\" data-id=\"37b733af\" data-element_type=\"widget\" data-e-type=\"widget\" data-widget_type=\"heading.default\">\n\t\t\t\t<div class=\"elementor-widget-container\">\n\t\t\t\t\t<h2 class=\"elementor-heading-title elementor-size-default\">Ch\u00ednh s\u00e1ch email<\/h2>\t\t\t\t<\/div>\n\t\t\t\t<\/div>\n\t\t\t\t<div class=\"elementor-element elementor-element-1d6a6fcc elementor-widget elementor-widget-text-editor\" data-id=\"1d6a6fcc\" data-element_type=\"widget\" data-e-type=\"widget\" data-widget_type=\"text-editor.default\">\n\t\t\t\t<div class=\"elementor-widget-container\">\n\t\t\t\t\t\t\t\t\t<p>T\u1ea5t c\u1ea3 c\u00e1c th\u01b0 email \u0111\u01b0\u1ee3c g\u1eedi t\u1eeb Microtex v\u00e0 b\u1ea5t k\u1ef3 t\u1ec7p \u0111\u00ednh k\u00e8m n\u00e0o \u0111\u01b0\u1ee3c truy\u1ec1n v\u1edbi n\u00f3 c\u00f3 th\u1ec3 ch\u1ee9a th\u00f4ng tin b\u00ed m\u1eadt ch\u1ec9 d\u00e0nh cho (c\u00e1c) c\u00e1 nh\u00e2n m\u00e0 th\u01b0 \u0111\u01b0\u1ee3c g\u1eedi \u0111\u1ebfn. N\u1ebfu b\u1ea1n nh\u1eadn \u0111\u01b0\u1ee3c b\u1ea5t k\u1ef3 email n\u00e0o do nh\u1ea7m l\u1eabn, vui l\u00f2ng th\u00f4ng b\u00e1o cho ng\u01b0\u1eddi g\u1eedi b\u1eb1ng email tr\u1ea3 l\u1eddi v\u00e0 x\u00f3a n\u00f3 kh\u1ecfi h\u1ec7 th\u1ed1ng c\u1ee7a b\u1ea1n; b\u1ea1n s\u1ebd kh\u00f4ng ph\u00e2n ph\u1ed1i ho\u1eb7c sao ch\u00e9p b\u1ea5t k\u1ef3 th\u00f4ng \u0111i\u1ec7p email n\u00e0o ho\u1eb7c n\u1ed9i dung c\u1ee7a n\u00f3. M\u1ecdi quan \u0111i\u1ec3m ho\u1eb7c \u00fd ki\u1ebfn \u0111\u01b0\u1ee3c tr\u00ecnh b\u00e0y trong c\u00e1c email n\u00e0y ch\u1ec9 l\u00e0 c\u1ee7a t\u00e1c gi\u1ea3 v\u00e0 kh\u00f4ng nh\u1ea5t thi\u1ebft \u0111\u1ea1i di\u1ec7n cho quan \u0111i\u1ec3m ho\u1eb7c \u00fd ki\u1ebfn c\u1ee7a Microtex c\u0169ng nh\u01b0 c\u00e1c chi nh\u00e1nh c\u1ee7a n\u00f3 (\u201cMicrotex\u201d). Kh\u00f4ng nh\u00e2n vi\u00ean ho\u1eb7c \u0111\u1ea1i l\u00fd n\u00e0o \u0111\u01b0\u1ee3c \u1ee7y quy\u1ec1n thay m\u1eb7t Microtex k\u00fd k\u1ebft b\u1ea5t k\u1ef3 th\u1ecfa thu\u1eadn r\u00e0ng bu\u1ed9c n\u00e0o v\u1edbi m\u1ed9t b\u00ean kh\u00e1c qua email. Microtex kh\u00f4ng ch\u1ecbu tr\u00e1ch nhi\u1ec7m ph\u00e1p l\u00fd \u0111\u1ed1i v\u1edbi n\u1ed9i dung c\u1ee7a email c\u0169ng nh\u01b0 h\u1eadu qu\u1ea3 c\u1ee7a b\u1ea5t k\u1ef3 h\u00e0nh \u0111\u1ed9ng n\u00e0o \u0111\u01b0\u1ee3c th\u1ef1c hi\u1ec7n tr\u00ean c\u01a1 s\u1edf th\u00f4ng tin \u0111\u01b0\u1ee3c cung c\u1ea5p, tr\u1eeb khi th\u00f4ng tin \u0111\u00f3 \u0111\u01b0\u1ee3c Microtex x\u00e1c nh\u1eadn sau \u0111\u00f3 b\u1eb1ng m\u1ed9t v\u0103n b\u1ea3n c\u00f3 ch\u1eef k\u00fd.<\/p>\n<\/p>\n<p>Ng\u01b0\u1eddi nh\u1eadn n\u00ean ki\u1ec3m tra email v\u00e0 b\u1ea5t k\u1ef3 t\u1ec7p \u0111\u00ednh k\u00e8m n\u00e0o \u0111\u1ec3 bi\u1ebft s\u1ef1 hi\u1ec7n di\u1ec7n c\u1ee7a b\u1ea5t k\u1ef3 lo\u1ea1i vi r\u00fat n\u00e0o. Microtex kh\u00f4ng ch\u1ecbu tr\u00e1ch nhi\u1ec7m ph\u00e1p l\u00fd \u0111\u1ed1i v\u1edbi b\u1ea5t k\u1ef3 thi\u1ec7t h\u1ea1i n\u00e0o g\u00e2y ra b\u1edfi b\u1ea5t k\u1ef3 vi r\u00fat n\u00e0o \u0111\u01b0\u1ee3c truy\u1ec1n qua b\u1ea5t k\u1ef3 th\u01b0 email ho\u1eb7c b\u1ea5t k\u1ef3 t\u1ec7p \u0111\u00ednh k\u00e8m n\u00e0o.<\/p>\n\t\t\t\t\t\t\t\t<\/div>\n\t\t\t\t<\/div>\n\t\t\t\t<div class=\"elementor-element elementor-element-21231546 elementor-widget elementor-widget-heading\" data-id=\"21231546\" data-element_type=\"widget\" data-e-type=\"widget\" data-widget_type=\"heading.default\">\n\t\t\t\t<div class=\"elementor-widget-container\">\n\t\t\t\t\t<h2 class=\"elementor-heading-title elementor-size-default\">Ch\u00ednh s\u00e1ch b\u1ea3o m\u1eadt<\/h2>\t\t\t\t<\/div>\n\t\t\t\t<\/div>\n\t\t\t\t<div class=\"elementor-element elementor-element-57f79eca elementor-widget elementor-widget-html\" data-id=\"57f79eca\" data-element_type=\"widget\" data-e-type=\"widget\" data-widget_type=\"html.default\">\n\t\t\t\t<div class=\"elementor-widget-container\">\n\t\t\t\t\t<a href=\"https:\/\/www.iubenda.com\/privacy-policy\/73298551\" class=\"iubenda-black no-brand iubenda-noiframe iubenda-embed iubenda-noiframe \" title=\"Ch\u00ednh s\u00e1ch b\u1ea3o m\u1eadt \" target=\"_blank\" rel=\"noopener\">Ch\u00ednh s\u00e1ch b\u1ea3o m\u1eadt<\/a><script type=\"text\/javascript\">(function (w,d) {var loader = function () {var s = d.createElement(\"script\"), tag = d.getElementsByTagName(\"script\")[0]; s.src=\"https:\/\/cdn.iubenda.com\/iubenda.js\"; tag.parentNode.insertBefore(s,tag);}; if(w.addEventListener){w.addEventListener(\"load\", loader, false);}else if(w.attachEvent){w.attachEvent(\"onload\", loader);}else{w.onload = loader;>(window, document);<\/script>\t\t\t\t<\/div>\n\t\t\t\t<\/div>\n\t\t\t\t<div class=\"elementor-element elementor-element-187a2f92 elementor-widget elementor-widget-heading\" data-id=\"187a2f92\" data-element_type=\"widget\" data-e-type=\"widget\" data-widget_type=\"heading.default\">\n\t\t\t\t<div class=\"elementor-widget-container\">\n\t\t\t\t\t<h2 class=\"elementor-heading-title elementor-size-default\">Cookie Policy<\/h2>\t\t\t\t<\/div>\n\t\t\t\t<\/div>\n\t\t\t\t<div class=\"elementor-element elementor-element-635b14f4 elementor-widget elementor-widget-html\" data-id=\"635b14f4\" data-element_type=\"widget\" data-e-type=\"widget\" data-widget_type=\"html.default\">\n\t\t\t\t<div class=\"elementor-widget-container\">\n\t\t\t\t\t<a href=\"https:\/\/www.iubenda.com\/privacy-policy\/73298551\/cookie-policy\" class=\"iubenda-black no-brand iubenda-noiframe iubenda-embed iubenda-noiframe \" title=\"Cookie Policy \" target=\"_blank\" rel=\"noopener\">Cookie Policy<\/a><script type=\"text\/javascript\">(function (w,d) {var loader = function () {var s = d.createElement(\"script\"), tag = d.getElementsByTagName(\"script\")[0]; s.src=\"https:\/\/cdn.iubenda.com\/iubenda.js\"; tag.parentNode.insertBefore(s,tag);}; if(w.addEventListener){w.addEventListener(\"load\", loader, false);}else if(w.attachEvent){w.attachEvent(\"onload\", loader);}else{w.onload = loader;>(window, document);<\/script>\t\t\t\t<\/div>\n\t\t\t\t<\/div>\n\t\t\t\t<div class=\"elementor-element elementor-element-7385ec20 elementor-widget elementor-widget-heading\" data-id=\"7385ec20\" data-element_type=\"widget\" data-e-type=\"widget\" data-widget_type=\"heading.default\">\n\t\t\t\t<div class=\"elementor-widget-container\">\n\t\t\t\t\t<h2 class=\"elementor-heading-title elementor-size-default\">\u0110i\u1ec1u kho\u1ea3n s\u1eed d\u1ee5ng c\u1ee7a trang web n\u00e0y<\/h2>\t\t\t\t<\/div>\n\t\t\t\t<\/div>\n\t\t\t\t<div class=\"elementor-element elementor-element-5d75e791 elementor-widget elementor-widget-html\" data-id=\"5d75e791\" data-element_type=\"widget\" data-e-type=\"widget\" data-widget_type=\"html.default\">\n\t\t\t\t<div class=\"elementor-widget-container\">\n\t\t\t\t\t<a href=\"https:\/\/www.iubenda.com\/terms-and-conditions\/73298551\" class=\"iubenda-white no-brand iubenda-noiframe iubenda-embed iubenda-noiframe \" title=\"C\u00e1c \u0111i\u1ec1u kho\u1ea3n v\u00e0 \u0111i\u1ec1u ki\u1ec7n \" target=\"_blank\" rel=\"noopener\">C\u00e1c \u0111i\u1ec1u kho\u1ea3n v\u00e0 \u0111i\u1ec1u ki\u1ec7n<\/a><script type=\"text\/javascript\">(function (w,d) {var loader = function () {var s = d.createElement(\"script\"), tag = d.getElementsByTagName(\"script\")[0]; s.src=\"https:\/\/cdn.iubenda.com\/iubenda.js\"; tag.parentNode.insertBefore(s,tag);}; if(w.addEventListener){w.addEventListener(\"load\", loader, false);}else if(w.attachEvent){w.attachEvent(\"onload\", loader);}else{w.onload = loader;>(window, document);<\/script>\t\t\t\t<\/div>\n\t\t\t\t<\/div>\n\t\t\t\t\t<\/div>\n\t\t<\/div>\n\t\t\t\t\t<\/div>\n\t\t<\/section>\n\t\t\t\t\t<\/div>\n\t\t<\/div>\n\t\t\t\t\t<\/div>\n\t\t<\/section>\n\t\t\t\t<section class=\"elementor-section elementor-top-section elementor-element elementor-element-20a37b40 elementor-section-boxed elementor-section-height-default elementor-section-height-default\" data-id=\"20a37b40\" data-element_type=\"section\" data-e-type=\"section\">\n\t\t\t\t\t\t<div class=\"elementor-container elementor-column-gap-no\">\n\t\t\t\t\t<div class=\"elementor-column elementor-col-100 elementor-top-column elementor-element elementor-element-6171f4ab\" data-id=\"6171f4ab\" data-element_type=\"column\" data-e-type=\"column\">\n\t\t\t<div class=\"elementor-widget-wrap elementor-element-populated\">\n\t\t\t\t\t\t<div class=\"elementor-element elementor-element-5bfb944b gallery-spacing-custom elementor-widget elementor-widget-image-gallery\" data-id=\"5bfb944b\" data-element_type=\"widget\" data-e-type=\"widget\" data-widget_type=\"image-gallery.default\">\n\t\t\t\t<div class=\"elementor-widget-container\">\n\t\t\t\t\t\t\t<div class=\"elementor-image-gallery\">\n\t\t\t<div id='gallery-1' class='gallery galleryid-34242 gallery-columns-1 gallery-size-full'><figure class='gallery-item'>\n\t\t\t<div class='gallery-icon landscape'>\n\t\t\t\t<img decoding=\"async\" width=\"1400\" height=\"500\" src=\"https:\/\/microtexindia.com\/wp-content\/uploads\/2021\/09\/Microtex-Limitless.png\" class=\"attachment-full size-full\" alt=\"Logo kh\u00f4ng gi\u1edbi h\u1ea1n c\u1ee7a Microtex\" srcset=\"https:\/\/microtexindia.com\/wp-content\/uploads\/2021\/09\/Microtex-Limitless.png 1400w, https:\/\/microtexindia.com\/wp-content\/uploads\/2021\/09\/Microtex-Limitless-300x107.png 300w, https:\/\/microtexindia.com\/wp-content\/uploads\/2021\/09\/Microtex-Limitless-1024x366.png 1024w, https:\/\/microtexindia.com\/wp-content\/uploads\/2021\/09\/Microtex-Limitless-768x274.png 768w\" sizes=\"(max-width: 1400px) 100vw, 1400px\" \/>\n\t\t\t<\/div><\/figure>\n\t\t<\/div>\n\t\t<\/div>\n\t\t\t\t\t\t<\/div>\n\t\t\t\t<\/div>\n\t\t\t\t\t<\/div>\n\t\t<\/div>\n\t\t\t\t\t<\/div>\n\t\t<\/section>\n\t\t\t\t<\/div>\n\t\t","protected":false},"excerpt":{"rendered":"<p>Th\u1ee7 t\u1ee5c ph\u00e1p l\u00ed T\u1ea1i \u0111\u00e2y, b\u1ea1n s\u1ebd t\u00ecm th\u1ea5y t\u1ea5t c\u1ea3 c\u00e1c ch\u00ednh s\u00e1ch &amp; \u0111i\u1ec1u kho\u1ea3n &amp; \u0111i\u1ec1u ki\u1ec7n c\u1ee7a ch\u00fang t\u00f4i Ch\u00ednh s\u00e1ch email T\u1ea5t c\u1ea3 c\u00e1c th\u01b0 email \u0111\u01b0\u1ee3c g\u1eedi t\u1eeb Microtex v\u00e0 b\u1ea5t k\u1ef3 t\u1ec7p \u0111\u00ednh k\u00e8m n\u00e0o \u0111\u01b0\u1ee3c truy\u1ec1n v\u1edbi n\u00f3 c\u00f3 th\u1ec3 ch\u1ee9a th\u00f4ng tin b\u00ed m\u1eadt ch\u1ec9 [&hellip;]<\/p>\n","protected":false},"author":1,"featured_media":0,"parent":29931,"menu_order":16,"comment_status":"closed","ping_status":"closed","template":"","meta":{"footnotes":""},"class_list":["post-34242","page","type-page","status-publish","hentry"],"_links":{"self":[{"href":"https:\/\/microtexindia.com\/vi\/wp-json\/wp\/v2\/pages\/34242","targetHints":{"allow":["GET"]}}],"collection":[{"href":"https:\/\/microtexindia.com\/vi\/wp-json\/wp\/v2\/pages"}],"about":[{"href":"https:\/\/microtexindia.com\/vi\/wp-json\/wp\/v2\/types\/page"}],"author":[{"embeddable":true,"href":"https:\/\/microtexindia.com\/vi\/wp-json\/wp\/v2\/users\/1"}],"replies":[{"embeddable":true,"href":"https:\/\/microtexindia.com\/vi\/wp-json\/wp\/v2\/comments?post=34242"}],"version-history":[{"count":0,"href":"https:\/\/microtexindia.com\/vi\/wp-json\/wp\/v2\/pages\/34242\/revisions"}],"up":[{"embeddable":true,"href":"https:\/\/microtexindia.com\/vi\/wp-json\/wp\/v2\/pages\/29931"}],"wp:attachment":[{"href":"https:\/\/microtexindia.com\/vi\/wp-json\/wp\/v2\/media?parent=34242"}],"curies":[{"name":"wp","href":"https:\/\/api.w.org\/{rel}","templated":true}]}}