{"id":46430,"date":"2026-02-26T06:53:07","date_gmt":"2026-02-26T01:23:07","guid":{"rendered":"https:\/\/microtexindia.com\/su-hai-long-cua-khach-hang\/"},"modified":"2023-09-04T12:48:16","modified_gmt":"2023-09-04T07:18:16","slug":"su-hai-long-cua-khach-hang","status":"publish","type":"page","link":"https:\/\/microtexindia.com\/vi\/lien-he-chung-toi\/su-hai-long-cua-khach-hang\/","title":{"rendered":"S\u1ef1 h\u00e0i l\u00f2ng c\u1ee7a kh\u00e1ch h\u00e0ng"},"content":{"rendered":"\t\t<div data-elementor-type=\"wp-page\" data-elementor-id=\"46430\" class=\"elementor elementor-46430 elementor-46376\" data-elementor-post-type=\"page\">\n\t\t\t\t\t\t<section class=\"elementor-section elementor-top-section elementor-element elementor-element-510c931 elementor-section-boxed elementor-section-height-default elementor-section-height-default\" data-id=\"510c931\" data-element_type=\"section\" data-e-type=\"section\">\n\t\t\t\t\t\t<div class=\"elementor-container elementor-column-gap-default\">\n\t\t\t\t\t<div class=\"elementor-column elementor-col-100 elementor-top-column elementor-element elementor-element-a48723f\" data-id=\"a48723f\" data-element_type=\"column\" data-e-type=\"column\">\n\t\t\t<div class=\"elementor-widget-wrap elementor-element-populated\">\n\t\t\t\t\t\t<div class=\"elementor-element elementor-element-ed97170 elementor-widget elementor-widget-heading\" data-id=\"ed97170\" data-element_type=\"widget\" data-e-type=\"widget\" data-widget_type=\"heading.default\">\n\t\t\t\t<div class=\"elementor-widget-container\">\n\t\t\t\t\t<h1 class=\"elementor-heading-title elementor-size-default\">B\u1ea1n quan tr\u1ecdng \u0111\u1ed1i v\u1edbi ch\u00fang t\u00f4i!<\/h1>\t\t\t\t<\/div>\n\t\t\t\t<\/div>\n\t\t\t\t<div class=\"elementor-element elementor-element-cf7b560 elementor-widget elementor-widget-heading\" data-id=\"cf7b560\" data-element_type=\"widget\" data-e-type=\"widget\" data-widget_type=\"heading.default\">\n\t\t\t\t<div class=\"elementor-widget-container\">\n\t\t\t\t\t<h2 class=\"elementor-heading-title elementor-size-default\">Ch\u00fang t\u00f4i y\u00eau c\u1ea7u b\u1ea1n ph\u1ea3n h\u1ed3i c\u00f3 gi\u00e1 tr\u1ecb v\u1ec1 tr\u1ea3i nghi\u1ec7m c\u1ee7a b\u1ea1n v\u1edbi Microtex<\/h2>\t\t\t\t<\/div>\n\t\t\t\t<\/div>\n\t\t\t\t\t<\/div>\n\t\t<\/div>\n\t\t\t\t\t<\/div>\n\t\t<\/section>\n\t\t\t\t<\/div>\n\t\t","protected":false},"excerpt":{"rendered":"<p>B\u1ea1n quan tr\u1ecdng \u0111\u1ed1i v\u1edbi ch\u00fang t\u00f4i! Ch\u00fang t\u00f4i y\u00eau c\u1ea7u b\u1ea1n ph\u1ea3n h\u1ed3i c\u00f3 gi\u00e1 tr\u1ecb v\u1ec1 tr\u1ea3i nghi\u1ec7m c\u1ee7a b\u1ea1n v\u1edbi Microtex Please enable JavaScript in your browser to complete this form.Name *Company \/ Business NameEmail *Your Overall Experience with Microtex *Rate 1 out of 5Rate 2 out of 5Rate 3 out of [&hellip;]<\/p>\n","protected":false},"author":1,"featured_media":0,"parent":31679,"menu_order":3,"comment_status":"closed","ping_status":"closed","template":"","meta":{"footnotes":""},"class_list":["post-46430","page","type-page","status-publish","hentry"],"_links":{"self":[{"href":"https:\/\/microtexindia.com\/vi\/wp-json\/wp\/v2\/pages\/46430","targetHints":{"allow":["GET"]}}],"collection":[{"href":"https:\/\/microtexindia.com\/vi\/wp-json\/wp\/v2\/pages"}],"about":[{"href":"https:\/\/microtexindia.com\/vi\/wp-json\/wp\/v2\/types\/page"}],"author":[{"embeddable":true,"href":"https:\/\/microtexindia.com\/vi\/wp-json\/wp\/v2\/users\/1"}],"replies":[{"embeddable":true,"href":"https:\/\/microtexindia.com\/vi\/wp-json\/wp\/v2\/comments?post=46430"}],"version-history":[{"count":0,"href":"https:\/\/microtexindia.com\/vi\/wp-json\/wp\/v2\/pages\/46430\/revisions"}],"up":[{"embeddable":true,"href":"https:\/\/microtexindia.com\/vi\/wp-json\/wp\/v2\/pages\/31679"}],"wp:attachment":[{"href":"https:\/\/microtexindia.com\/vi\/wp-json\/wp\/v2\/media?parent=46430"}],"curies":[{"name":"wp","href":"https:\/\/api.w.org\/{rel}","templated":true}]}}